{"id":19099,"date":"2023-02-14T19:20:04","date_gmt":"2023-02-14T18:20:04","guid":{"rendered":"https:\/\/runarhalonen.no\/?post_type=product&#038;p=19099"},"modified":"2026-04-10T12:30:47","modified_gmt":"2026-04-10T10:30:47","slug":"enkeltrom-healing-weekend-med-runar-halonen-pa-venabu-fjellhotell","status":"publish","type":"product","link":"https:\/\/runarhalonen.no\/en\/product\/enkeltrom-healing-weekend-med-runar-halonen-pa-venabu-fjellhotell\/","title":{"rendered":"Single room. Healing Weekend with Runar Halonen at Venabu Fjellhotell"},"content":{"rendered":"<div style=\"font-family: 'Segoe UI',sans-serif; line-height: 1.8; color: #444; text-align: left;\">\n<p><!-- TOPPSEKSJON MED TYDELIG NORDLYS-LOOK (kun CSS) --><\/p>\n<div style=\"position: relative; border: 1px solid #d8caef; border-radius: 16px; padding: 36px 28px; margin-bottom: 36px; overflow: hidden; box-shadow: 0 8px 24px rgba(0,0,0,0.12); background: radial-gradient(1200px 500px at 10% 10%, rgba(120,255,210,0.20), rgba(0,0,0,0) 60%), radial-gradient(900px 450px at 80% 20%, rgba(120,190,255,0.18), rgba(0,0,0,0) 60%), radial-gradient(1000px 500px at 30% 90%, rgba(170,120,255,0.18), rgba(0,0,0,0) 60%), linear-gradient(135deg, #0b1b2a 0%, #1b2f48 35%, #224a4a 65%, #345d66 100%);\">\n<div style=\"position: absolute; inset: 0; background: linear-gradient(to bottom, rgba(255,255,255,0.06), rgba(0,0,0,0.25)); pointer-events: none;\"><\/div>\n<div style=\"position: relative; z-index: 1; color: #fff;\">\n<h2 style=\"margin: 0 0 8px 0; font-size: 1.9rem; color: #ffffff; text-shadow: 0 2px 10px rgba(0,0,0,0.35);\">\ud83d\udcab Single room \u2013 Healing Weekend with Runar Halonen<\/h2>\n<p style=\"margin: 0 0 22px 0; font-size: 1.1rem; font-weight: 600; color: #f5f8ff; text-shadow: 0 1px 6px rgba(0,0,0,0.35);\">Venabu Mountain Hotel \u2013 May 22\u201324, 2026<\/p>\n<p><!-- BILDER SIDE-OM-SIDE --><\/p>\n<div style=\"display: flex; gap: 20px; flex-wrap: wrap;\"><img decoding=\"async\" style=\"flex: 1 1 300px; max-width: 420px; height: auto; border-radius: 12px; box-shadow: 0 6px 18px rgba(0,0,0,0.35); border: 1px solid rgba(255,255,255,0.25);\" src=\"https:\/\/runarhalonen.no\/wp-content\/uploads\/2023\/02\/2020-05-11.webp\" alt=\"Venabu fjellhotell\" \/><br \/>\n<img decoding=\"async\" style=\"flex: 1 1 300px; max-width: 420px; height: auto; border-radius: 12px; box-shadow: 0 6px 18px rgba(0,0,0,0.35); border: 1px solid rgba(255,255,255,0.25);\" src=\"https:\/\/runarhalonen.no\/wp-content\/uploads\/2023\/02\/2021-06-04.webp\" alt=\"Healing retreat\" \/><\/div>\n<\/div>\n<\/div>\n<p><!-- INTRODUKSJON --><\/p>\n<p>Welcome to a new weekend course in <strong>healing and meditation<\/strong> on beautiful <strong>Venabu Mountain Hotel<\/strong>, located on the mountain pass between \u00d8sterdalen and Gudbrandsdalen \u2013 south of Rondane National Park, approximately halfway between Trondheim and Oslo.<\/p>\n<p>Our previous course in <strong>2023, 2024 and 2025<\/strong> was a great success and was fully booked early. Venabu Fjellhotell offers a <strong>peaceful atmosphere<\/strong>, perfect for <strong>energy work, healing and meditation<\/strong>.<\/p>\n<hr \/>\n<h3>\ud83d\udd4a\ufe0f About the course<\/h3>\n<p>We live in a time of great change in consciousness, where we are becoming more sensitive. It is important to strengthen our inner self to stand firmer within ourselves \u2013 and bring <strong>the light and wisdom of the soul<\/strong> into everyday life.<\/p>\n<p>The course focuses on our <strong>internal resources<\/strong> and the <strong>spiritual power<\/strong> that is growing in this time. Runar guides you through <strong>powerful meditations<\/strong> he has channeled, as well as spontaneous ideas along the way.<\/p>\n<p>The meditations will highlight your true self, allowing you to discover your <strong>natural spiritual abilities<\/strong> \u2013 which is found in all people. The common thread of the course is <strong>the amazing power of emotions<\/strong>.<\/p>\n<p>The course is <strong>open to everyone<\/strong>, and it is <strong>40 places<\/strong> available.<\/p>\n<hr \/>\n<h3>\u2728 Themes<\/h3>\n<ul>\n<li>Activating your inner healing ability<\/li>\n<li>Relaxation and breathing exercises<\/li>\n<li>The Amazing Power of the Subconscious<\/li>\n<li>3rd eye activation<\/li>\n<li>The 12 Chakra System \u2013 Body, Mind, Soul and Spirit<\/li>\n<li>Create new positive thought patterns<\/li>\n<li>The Universal Law of Attraction<\/li>\n<li>Gain new knowledge about yourself<\/li>\n<li>Meditation and relaxation with Tibetan brass bowls and gong<\/li>\n<li>Runar channels sound healing with his voice<\/li>\n<li>What is channeled into and adapted to the group energy<\/li>\n<\/ul>\n<hr \/>\n<h3>\ud83c\udf3f Community and atmosphere<\/h3>\n<p>We start the weekend with <strong>group healing and meditation<\/strong> Friday evening. We eat breakfast, lunch and dinner together \u2013 with both <strong>socializing<\/strong> and <strong>time for silence<\/strong> for those who want it.<\/p>\n<ul>\n<li>Comfortable accommodation<\/li>\n<li>Healthy, tasty and homemade food<\/li>\n<li>A warm and inclusive atmosphere<\/li>\n<li>Cozy living rooms with fireplaces and mountain views<\/li>\n<li>Library, board games and bar in the evenings<\/li>\n<\/ul>\n<p>The hotel has 56 rooms, of which 6 are wheelchair accessible. Both the restaurant and many of the rooms have <strong>view of the mountains<\/strong>.<\/p>\n<p>Read more about the hotel: <a href=\"https:\/\/www.venabu.no\" target=\"_blank\" rel=\"noopener\">www.venabu.no<\/a><\/p>\n<hr \/>\n<h3>\u23f0 Schedule<\/h3>\n<p>The program is somewhat updated compared to the course in 2025.<\/p>\n<p><strong>Friday, May 22<\/strong><\/p>\n<ul>\n<li>17:30 \u2013 Start with healing and meditation<\/li>\n<li>19:00 \u2013 Dinner<br \/>\n<em>(Lunch on Friday is not included, but can be purchased if you arrive earlier.)<\/em><\/li>\n<\/ul>\n<p><strong>Saturday, May 23<\/strong><\/p>\n<ul>\n<li>08:00\u201310:00 \u2013 Breakfast<\/li>\n<li>10:00 \u2013 Course start<\/li>\n<li>1:30 PM \u2013 Lunch<\/li>\n<li>19:00 \u2013 Dinner<\/li>\n<\/ul>\n<p><strong>Sunday, May 24<\/strong><\/p>\n<ul>\n<li>08:00\u201310:00 \u2013 Breakfast<\/li>\n<li>10:00 \u2013 Course start<\/li>\n<li>13:30 \u2013 End with lunch buffet<\/li>\n<\/ul>\n<p>\u2615 Coffee, tea and water are included. Soft drinks such as soda or other beverages are paid for at check-out.<\/p>\n<p><em>Subject to minor changes in the program.<\/em><\/p>\n<hr \/>\n<h3>\ud83e\udd57 Food and adaptations<\/h3>\n<p>Are you <strong>vegan, vegetarian<\/strong> or <strong>allergy sufferer<\/strong>, the menu can be adapted as far as possible. Please let us know when registering, or contact the hotel directly if you have any questions about the food.<\/p>\n<hr \/>\n<h3>\ud83d\ude97 Travel<\/h3>\n<p>Venabu Fjellhotell is located on the mountain pass south of Rondane National Park. Are you traveling with <strong>train or bus to Ringebu<\/strong>, it is recommended to book tickets well in advance.<\/p>\n<p>Read more about how to travel here: <a href=\"https:\/\/www.venabu.no\" target=\"_blank\" rel=\"noopener\">www.venabu.no<\/a><\/p>\n<hr \/>\n<h3>\ud83d\udcab Sign up<\/h3>\n<p><strong>Price per person in a single room:<\/strong> NOK 5,780,-<br \/>\nIncludes all meals, coffee, tea, water and the course from Friday evening to Sunday.<\/p>\n<p><strong>Deposit:<\/strong> NOK 1,000 upon registration<br \/>\n<strong>Remaining amount:<\/strong> NOK 4,780,- will be invoiced upon maturity <strong>April 20, 2026<\/strong><\/p>\n<p><strong>Registration deadline:<\/strong> April 20, 2026<br \/>\nIt is possible to register after the deadline if there is space available.<br \/>\nRegistration is binding from this date. A full refund will be given if the course is cancelled by the organizer.<\/p>\n<p>If you cannot pay with <strong>Vips<\/strong> or <strong>Visa card<\/strong>, you can contact us for payment via account.<br \/>\nUse <a href=\"https:\/\/runarhalonen.no\/en\/kontakt\/\" target=\"_blank\" rel=\"noopener\">contact form<\/a> and provide your mailing address.<\/p>\n<p>\ud83d\udce7 NB! If you place an order for two people in the shopping cart, you must send a separate email with the full name, address, phone number and email address of the other participant.<\/p>\n<p>\ud83d\udc49 Click on <strong>Buy<\/strong>, and then <strong>Shopping cart<\/strong> in the menu to complete your order.<\/p>\n<p>\ud83d\udc49 <a href=\"https:\/\/runarhalonen.no\/en\/product\/dobbeltrom-healing-weekend-med-runar-halonen-pa-venabu-fjellhotell\/\">See double rooms here<\/a><\/p>\n<hr \/>\n<h3>\ud83c\udf38 After registration<\/h3>\n<p>Please log in. <a href=\"https:\/\/www.facebook.com\/groups\/healingweekend\"><strong>Facebook group for course participants<\/strong><\/a> after registration. Here you will receive updates and can share experiences with other participants.<\/p>\n<div style=\"border: 1px solid #c7b6e5; border-radius: 12px; padding: 16px; background: #faf8fc; text-align: center; margin: 1.5em 0; box-shadow: 0 2px 8px rgba(0,0,0,0.05);\">\n<p style=\"font-size: 1rem; color: #6a5a89; margin: 0;\">\ud83d\udcab <strong>Tip:<\/strong> , kan den laste tregere.<br \/>\nOpen it in your browser for the best experience \ud83c\udf3f<\/p>\n<\/div>\n<\/div>","protected":false},"excerpt":{"rendered":"<p data-start=\"61\" data-end=\"177\">The price shown above is a deposit and reserves your spot.<br data-start=\"127\" data-end=\"130\" \/>The number of available places is displayed below the shopping cart.<\/p>\n<p data-start=\"179\" data-end=\"353\">When you confirm with Vipps, you must click the arrow back to the website to complete the payment.<br data-start=\"268\" data-end=\"271\" \/>The same applies if you only get the address from Vipps and pay with a Visa card. If you don&#039;t have Vipps, you fill in the information manually.<\/p>\n<p data-start=\"355\" data-end=\"444\">You should see a receipt on your screen and receive an email confirmation when your registration is complete.<\/p>\n<p data-start=\"355\" data-end=\"444\">\ud83d\udc49 <a href=\"https:\/\/runarhalonen.no\/en\/product\/dobbeltrom-healing-weekend-med-runar-halonen-pa-venabu-fjellhotell\/\">See double rooms here<\/a><\/p>","protected":false},"featured_media":26958,"comment_status":"closed","ping_status":"closed","template":"","meta":{"pmpro_default_level":""},"product_brand":[],"product_cat":[42],"product_tag":[],"class_list":{"0":"post-19099","1":"product","2":"type-product","3":"status-publish","4":"has-post-thumbnail","6":"product_cat-kurs","7":"pmpro-has-access","9":"first","10":"outofstock","11":"virtual","12":"purchasable","13":"product-type-simple"},"yoast_head":"<!-- This site is optimized with the Yoast SEO Premium plugin v27.3 (Yoast SEO v27.4) - https:\/\/yoast.com\/product\/yoast-seo-premium-wordpress\/ -->\n<title>Enkeltrom. Healing Weekend med Runar Halonen p\u00e5 Venabu Fjellhotell - Runar Halonen<\/title>\n<meta name=\"robots\" content=\"index, follow, max-snippet:-1, max-image-preview:large, max-video-preview:-1\" \/>\n<link rel=\"canonical\" href=\"https:\/\/runarhalonen.no\/en\/product\/enkeltrom-healing-weekend-med-runar-halonen-pa-venabu-fjellhotell\/\" \/>\n<meta property=\"og:locale\" content=\"en_GB\" \/>\n<meta property=\"og:type\" content=\"article\" \/>\n<meta property=\"og:title\" content=\"Enkeltrom. Healing Weekend med Runar Halonen p\u00e5 Venabu Fjellhotell\" \/>\n<meta property=\"og:description\" content=\"Prisen som vises \u00f8verst er et depositum og reserverer plassen din.Antall ledige plasser vises under handlekurven. N\u00e5r du bekrefter med Vipps, m\u00e5 du klikke pilen tilbake til nettsiden for \u00e5 fullf\u00f8re betalingen.Det samme gjelder dersom du kun henter adresse fra Vipps og betaler med Visa-kort. Har du ikke Vipps, s\u00e5 fyller du ut info manuelt. Du skal se kvittering p\u00e5 skjermen og motta e-postbekreftelse n\u00e5r p\u00e5meldingen er fullf\u00f8rt. \ud83d\udc49 Se dobbeltrom her\" \/>\n<meta property=\"og:url\" content=\"https:\/\/runarhalonen.no\/en\/product\/enkeltrom-healing-weekend-med-runar-halonen-pa-venabu-fjellhotell\/\" \/>\n<meta property=\"og:site_name\" content=\"Runar Halonen\" \/>\n<meta property=\"article:publisher\" content=\"https:\/\/www.facebook.com\/runarhalonen.healing\" \/>\n<meta property=\"article:modified_time\" content=\"2026-04-10T10:30:47+00:00\" \/>\n<meta property=\"og:image\" content=\"https:\/\/runarhalonen.no\/wp-content\/uploads\/2023\/02\/Healing-Weekend-1024x683.png\" \/>\n\t<meta property=\"og:image:width\" content=\"1024\" \/>\n\t<meta property=\"og:image:height\" content=\"683\" \/>\n\t<meta property=\"og:image:type\" content=\"image\/png\" \/>\n<meta name=\"twitter:card\" content=\"summary_large_image\" \/>\n<meta name=\"twitter:label1\" content=\"Estimated reading time\" \/>\n\t<meta name=\"twitter:data1\" content=\"5 minutes\" \/>\n<script type=\"application\/ld+json\" class=\"yoast-schema-graph\">{\"@context\":\"https:\\\/\\\/schema.org\",\"@graph\":[{\"@type\":\"WebPage\",\"@id\":\"https:\\\/\\\/runarhalonen.no\\\/produkt\\\/enkeltrom-healing-weekend-med-runar-halonen-pa-venabu-fjellhotell\\\/\",\"url\":\"https:\\\/\\\/runarhalonen.no\\\/produkt\\\/enkeltrom-healing-weekend-med-runar-halonen-pa-venabu-fjellhotell\\\/\",\"name\":\"Enkeltrom. Healing Weekend med Runar Halonen p\u00e5 Venabu Fjellhotell - Runar Halonen\",\"isPartOf\":{\"@id\":\"https:\\\/\\\/runarhalonen.no\\\/#website\"},\"primaryImageOfPage\":{\"@id\":\"https:\\\/\\\/runarhalonen.no\\\/produkt\\\/enkeltrom-healing-weekend-med-runar-halonen-pa-venabu-fjellhotell\\\/#primaryimage\"},\"image\":{\"@id\":\"https:\\\/\\\/runarhalonen.no\\\/produkt\\\/enkeltrom-healing-weekend-med-runar-halonen-pa-venabu-fjellhotell\\\/#primaryimage\"},\"thumbnailUrl\":\"https:\\\/\\\/runarhalonen.no\\\/wp-content\\\/uploads\\\/2023\\\/02\\\/Healing-Weekend.png\",\"datePublished\":\"2023-02-14T18:20:04+00:00\",\"dateModified\":\"2026-04-10T10:30:47+00:00\",\"breadcrumb\":{\"@id\":\"https:\\\/\\\/runarhalonen.no\\\/produkt\\\/enkeltrom-healing-weekend-med-runar-halonen-pa-venabu-fjellhotell\\\/#breadcrumb\"},\"inLanguage\":\"en-GB\",\"potentialAction\":[{\"@type\":\"ReadAction\",\"target\":[\"https:\\\/\\\/runarhalonen.no\\\/produkt\\\/enkeltrom-healing-weekend-med-runar-halonen-pa-venabu-fjellhotell\\\/\"]}]},{\"@type\":\"ImageObject\",\"inLanguage\":\"en-GB\",\"@id\":\"https:\\\/\\\/runarhalonen.no\\\/produkt\\\/enkeltrom-healing-weekend-med-runar-halonen-pa-venabu-fjellhotell\\\/#primaryimage\",\"url\":\"https:\\\/\\\/runarhalonen.no\\\/wp-content\\\/uploads\\\/2023\\\/02\\\/Healing-Weekend.png\",\"contentUrl\":\"https:\\\/\\\/runarhalonen.no\\\/wp-content\\\/uploads\\\/2023\\\/02\\\/Healing-Weekend.png\",\"width\":1536,\"height\":1024},{\"@type\":\"BreadcrumbList\",\"@id\":\"https:\\\/\\\/runarhalonen.no\\\/produkt\\\/enkeltrom-healing-weekend-med-runar-halonen-pa-venabu-fjellhotell\\\/#breadcrumb\",\"itemListElement\":[{\"@type\":\"ListItem\",\"position\":1,\"name\":\"Hjem\",\"item\":\"https:\\\/\\\/runarhalonen.no\\\/\"},{\"@type\":\"ListItem\",\"position\":2,\"name\":\"Butikk\",\"item\":\"https:\\\/\\\/runarhalonen.no\\\/butikk\\\/\"},{\"@type\":\"ListItem\",\"position\":3,\"name\":\"Enkeltrom. Healing Weekend med Runar Halonen p\u00e5 Venabu Fjellhotell\"}]},{\"@type\":\"WebSite\",\"@id\":\"https:\\\/\\\/runarhalonen.no\\\/#website\",\"url\":\"https:\\\/\\\/runarhalonen.no\\\/\",\"name\":\"Runar Halonen\",\"description\":\"Healing, spirituell veiledning, husrensing, sound healing, kurs, LIVE sendinger, forfatter\",\"publisher\":{\"@id\":\"https:\\\/\\\/runarhalonen.no\\\/#\\\/schema\\\/person\\\/b5661ff91c917350053a622fca7bab2d\"},\"potentialAction\":[{\"@type\":\"SearchAction\",\"target\":{\"@type\":\"EntryPoint\",\"urlTemplate\":\"https:\\\/\\\/runarhalonen.no\\\/?s={search_term_string}\"},\"query-input\":{\"@type\":\"PropertyValueSpecification\",\"valueRequired\":true,\"valueName\":\"search_term_string\"}}],\"inLanguage\":\"en-GB\"},{\"@type\":[\"Person\",\"Organization\"],\"@id\":\"https:\\\/\\\/runarhalonen.no\\\/#\\\/schema\\\/person\\\/b5661ff91c917350053a622fca7bab2d\",\"name\":\"Runar\",\"image\":{\"@type\":\"ImageObject\",\"inLanguage\":\"en-GB\",\"@id\":\"https:\\\/\\\/runarhalonen.no\\\/wp-content\\\/uploads\\\/2019\\\/12\\\/430697_382268461785172_2018319795_n-1.webp\",\"url\":\"https:\\\/\\\/runarhalonen.no\\\/wp-content\\\/uploads\\\/2019\\\/12\\\/430697_382268461785172_2018319795_n-1.webp\",\"contentUrl\":\"https:\\\/\\\/runarhalonen.no\\\/wp-content\\\/uploads\\\/2019\\\/12\\\/430697_382268461785172_2018319795_n-1.webp\",\"width\":618,\"height\":800,\"caption\":\"Runar\"},\"logo\":{\"@id\":\"https:\\\/\\\/runarhalonen.no\\\/wp-content\\\/uploads\\\/2019\\\/12\\\/430697_382268461785172_2018319795_n-1.webp\"},\"sameAs\":[\"https:\\\/\\\/runarhalonen.no\",\"https:\\\/\\\/www.facebook.com\\\/runarhalonen.healing\",\"https:\\\/\\\/www.instagram.com\\\/runarhalonen\\\/\",\"https:\\\/\\\/www.youtube.com\\\/channel\\\/UC0noDyGx10IW-GIFuLsoJZQ\"]}]}<\/script>\n<!-- \/ Yoast SEO Premium plugin. -->","yoast_head_json":{"title":"Enkeltrom. Healing Weekend med Runar Halonen p\u00e5 Venabu Fjellhotell - Runar Halonen","robots":{"index":"index","follow":"follow","max-snippet":"max-snippet:-1","max-image-preview":"max-image-preview:large","max-video-preview":"max-video-preview:-1"},"canonical":"https:\/\/runarhalonen.no\/en\/product\/enkeltrom-healing-weekend-med-runar-halonen-pa-venabu-fjellhotell\/","og_locale":"en_GB","og_type":"article","og_title":"Enkeltrom. Healing Weekend med Runar Halonen p\u00e5 Venabu Fjellhotell","og_description":"Prisen som vises \u00f8verst er et depositum og reserverer plassen din.Antall ledige plasser vises under handlekurven. N\u00e5r du bekrefter med Vipps, m\u00e5 du klikke pilen tilbake til nettsiden for \u00e5 fullf\u00f8re betalingen.Det samme gjelder dersom du kun henter adresse fra Vipps og betaler med Visa-kort. Har du ikke Vipps, s\u00e5 fyller du ut info manuelt. Du skal se kvittering p\u00e5 skjermen og motta e-postbekreftelse n\u00e5r p\u00e5meldingen er fullf\u00f8rt. \ud83d\udc49 Se dobbeltrom her","og_url":"https:\/\/runarhalonen.no\/en\/product\/enkeltrom-healing-weekend-med-runar-halonen-pa-venabu-fjellhotell\/","og_site_name":"Runar Halonen","article_publisher":"https:\/\/www.facebook.com\/runarhalonen.healing","article_modified_time":"2026-04-10T10:30:47+00:00","og_image":[{"width":1024,"height":683,"url":"https:\/\/runarhalonen.no\/wp-content\/uploads\/2023\/02\/Healing-Weekend-1024x683.png","type":"image\/png"}],"twitter_card":"summary_large_image","twitter_misc":{"Estimated reading time":"5 minutes"},"schema":{"@context":"https:\/\/schema.org","@graph":[{"@type":"WebPage","@id":"https:\/\/runarhalonen.no\/produkt\/enkeltrom-healing-weekend-med-runar-halonen-pa-venabu-fjellhotell\/","url":"https:\/\/runarhalonen.no\/produkt\/enkeltrom-healing-weekend-med-runar-halonen-pa-venabu-fjellhotell\/","name":"Enkeltrom. Healing Weekend med Runar Halonen p\u00e5 Venabu Fjellhotell - Runar Halonen","isPartOf":{"@id":"https:\/\/runarhalonen.no\/#website"},"primaryImageOfPage":{"@id":"https:\/\/runarhalonen.no\/produkt\/enkeltrom-healing-weekend-med-runar-halonen-pa-venabu-fjellhotell\/#primaryimage"},"image":{"@id":"https:\/\/runarhalonen.no\/produkt\/enkeltrom-healing-weekend-med-runar-halonen-pa-venabu-fjellhotell\/#primaryimage"},"thumbnailUrl":"https:\/\/runarhalonen.no\/wp-content\/uploads\/2023\/02\/Healing-Weekend.png","datePublished":"2023-02-14T18:20:04+00:00","dateModified":"2026-04-10T10:30:47+00:00","breadcrumb":{"@id":"https:\/\/runarhalonen.no\/produkt\/enkeltrom-healing-weekend-med-runar-halonen-pa-venabu-fjellhotell\/#breadcrumb"},"inLanguage":"en-GB","potentialAction":[{"@type":"ReadAction","target":["https:\/\/runarhalonen.no\/produkt\/enkeltrom-healing-weekend-med-runar-halonen-pa-venabu-fjellhotell\/"]}]},{"@type":"ImageObject","inLanguage":"en-GB","@id":"https:\/\/runarhalonen.no\/produkt\/enkeltrom-healing-weekend-med-runar-halonen-pa-venabu-fjellhotell\/#primaryimage","url":"https:\/\/runarhalonen.no\/wp-content\/uploads\/2023\/02\/Healing-Weekend.png","contentUrl":"https:\/\/runarhalonen.no\/wp-content\/uploads\/2023\/02\/Healing-Weekend.png","width":1536,"height":1024},{"@type":"BreadcrumbList","@id":"https:\/\/runarhalonen.no\/produkt\/enkeltrom-healing-weekend-med-runar-halonen-pa-venabu-fjellhotell\/#breadcrumb","itemListElement":[{"@type":"ListItem","position":1,"name":"Hjem","item":"https:\/\/runarhalonen.no\/"},{"@type":"ListItem","position":2,"name":"Butikk","item":"https:\/\/runarhalonen.no\/butikk\/"},{"@type":"ListItem","position":3,"name":"Enkeltrom. Healing Weekend med Runar Halonen p\u00e5 Venabu Fjellhotell"}]},{"@type":"WebSite","@id":"https:\/\/runarhalonen.no\/#website","url":"https:\/\/runarhalonen.no\/","name":"Runar Halonen","description":"Healing, spirituell veiledning, husrensing, sound healing, kurs, LIVE sendinger, forfatter","publisher":{"@id":"https:\/\/runarhalonen.no\/#\/schema\/person\/b5661ff91c917350053a622fca7bab2d"},"potentialAction":[{"@type":"SearchAction","target":{"@type":"EntryPoint","urlTemplate":"https:\/\/runarhalonen.no\/?s={search_term_string}"},"query-input":{"@type":"PropertyValueSpecification","valueRequired":true,"valueName":"search_term_string"}}],"inLanguage":"en-GB"},{"@type":["Person","Organization"],"@id":"https:\/\/runarhalonen.no\/#\/schema\/person\/b5661ff91c917350053a622fca7bab2d","name":"Runar","image":{"@type":"ImageObject","inLanguage":"en-GB","@id":"https:\/\/runarhalonen.no\/wp-content\/uploads\/2019\/12\/430697_382268461785172_2018319795_n-1.webp","url":"https:\/\/runarhalonen.no\/wp-content\/uploads\/2019\/12\/430697_382268461785172_2018319795_n-1.webp","contentUrl":"https:\/\/runarhalonen.no\/wp-content\/uploads\/2019\/12\/430697_382268461785172_2018319795_n-1.webp","width":618,"height":800,"caption":"Runar"},"logo":{"@id":"https:\/\/runarhalonen.no\/wp-content\/uploads\/2019\/12\/430697_382268461785172_2018319795_n-1.webp"},"sameAs":["https:\/\/runarhalonen.no","https:\/\/www.facebook.com\/runarhalonen.healing","https:\/\/www.instagram.com\/runarhalonen\/","https:\/\/www.youtube.com\/channel\/UC0noDyGx10IW-GIFuLsoJZQ"]}]}},"_links":{"self":[{"href":"https:\/\/runarhalonen.no\/en\/wp-json\/wp\/v2\/product\/19099","targetHints":{"allow":["GET"]}}],"collection":[{"href":"https:\/\/runarhalonen.no\/en\/wp-json\/wp\/v2\/product"}],"about":[{"href":"https:\/\/runarhalonen.no\/en\/wp-json\/wp\/v2\/types\/product"}],"replies":[{"embeddable":true,"href":"https:\/\/runarhalonen.no\/en\/wp-json\/wp\/v2\/comments?post=19099"}],"version-history":[{"count":18,"href":"https:\/\/runarhalonen.no\/en\/wp-json\/wp\/v2\/product\/19099\/revisions"}],"predecessor-version":[{"id":28422,"href":"https:\/\/runarhalonen.no\/en\/wp-json\/wp\/v2\/product\/19099\/revisions\/28422"}],"wp:featuredmedia":[{"embeddable":true,"href":"https:\/\/runarhalonen.no\/en\/wp-json\/wp\/v2\/media\/26958"}],"wp:attachment":[{"href":"https:\/\/runarhalonen.no\/en\/wp-json\/wp\/v2\/media?parent=19099"}],"wp:term":[{"taxonomy":"product_brand","embeddable":true,"href":"https:\/\/runarhalonen.no\/en\/wp-json\/wp\/v2\/product_brand?post=19099"},{"taxonomy":"product_cat","embeddable":true,"href":"https:\/\/runarhalonen.no\/en\/wp-json\/wp\/v2\/product_cat?post=19099"},{"taxonomy":"product_tag","embeddable":true,"href":"https:\/\/runarhalonen.no\/en\/wp-json\/wp\/v2\/product_tag?post=19099"}],"curies":[{"name":"wp","href":"https:\/\/api.w.org\/{rel}","templated":true}]}}