{"id":123,"date":"2018-10-02T13:31:41","date_gmt":"2018-10-02T11:31:41","guid":{"rendered":"https:\/\/runarhal.wpengine.com\/?post_type=product&#038;p=123"},"modified":"2026-03-17T09:08:34","modified_gmt":"2026-03-17T08:08:34","slug":"min-utrolige-forvandling","status":"publish","type":"product","link":"https:\/\/runarhalonen.no\/en\/product\/min-utrolige-forvandling\/","title":{"rendered":"My incredible transformation. SOLD OUT. Available as audio and e-book"},"content":{"rendered":"<h3 data-start=\"133\" data-end=\"163\">My incredible transformation<\/h3>\n<p data-start=\"165\" data-end=\"542\"><strong data-start=\"165\" data-end=\"191\">Om e-boken og lydboken<\/strong><br data-start=\"191\" data-end=\"194\" \/><em data-start=\"194\" data-end=\"220\">My incredible transformation<\/em> er en omfattende, spennende og l\u00e6rerik e-bok og lydbok som forteller min historie fra barndommen \u2013 og den dype forvandlingen som startet da healingevnene plutselig \u00e5penbarte seg en kveld da jeg var 25 \u00e5r gammel.<br data-start=\"432\" data-end=\"435\" \/>Lydboken er opplest av Runar Halonen, med rolig energi og n\u00e6rv\u00e6r som formidler essensen i hvert kapittel.<\/p>\n<p data-start=\"544\" data-end=\"773\">Jeg visste ingenting om at dette skulle bli min livsvei og mitt virke. Boken inneholder sterke og \u00e6rlige historier, kanaliserte budskap fra den andre siden, og sp\u00f8rsm\u00e5l og svar p\u00e5 opplevelser mange vil kunne kjenne seg igjen i.<\/p>\n<p data-start=\"775\" data-end=\"1011\">Svarene er kanalisert av Liv Hilmen, og jeg deler mine metoder for selvhealing, healingtimer, synskhet og mediumskap.<br data-start=\"892\" data-end=\"895\" \/>Utgivelsen avsluttes med en egen kanalisering jeg selv har mottatt \u2013 om menneskesinnet og den tiden vi lever i n\u00e5.<\/p>\n<p data-start=\"1013\" data-end=\"1125\">This is a book that can inspire, awaken insight, and help you understand your own abilities and your spiritual journey.<\/p>","protected":false},"excerpt":{"rendered":"<p><strong>Boken er utsolgt som fysisk bok, men den finnes som lydbok og e-bok som innlogget medlem i Healing Room<\/strong><\/p>","protected":false},"featured_media":27163,"comment_status":"closed","ping_status":"closed","template":"","meta":{"pmpro_default_level":""},"product_brand":[],"product_cat":[156],"product_tag":[],"class_list":{"0":"post-123","1":"product","2":"type-product","3":"status-publish","4":"has-post-thumbnail","6":"product_cat-cd","7":"pmpro-has-access","9":"first","10":"outofstock","11":"shipping-taxable","12":"purchasable","13":"product-type-simple"},"yoast_head":"<!-- This site is optimized with the Yoast SEO Premium plugin v27.3 (Yoast SEO v27.4) - https:\/\/yoast.com\/product\/yoast-seo-premium-wordpress\/ -->\n<title>Min utrolige forvandling. UTSOLGT. Finnes som lyd- og e-bok - Runar Halonen<\/title>\n<meta name=\"robots\" content=\"index, follow, max-snippet:-1, max-image-preview:large, max-video-preview:-1\" \/>\n<link rel=\"canonical\" href=\"https:\/\/runarhalonen.no\/en\/product\/min-utrolige-forvandling\/\" \/>\n<meta property=\"og:locale\" content=\"en_GB\" \/>\n<meta property=\"og:type\" content=\"article\" \/>\n<meta property=\"og:title\" content=\"Min utrolige forvandling. UTSOLGT. Finnes som lyd- og e-bok\" \/>\n<meta property=\"og:description\" content=\"Boken er utsolgt som fysisk bok, men den finnes som lydbok og e-bok som innlogget medlem i Healing Room\" \/>\n<meta property=\"og:url\" content=\"https:\/\/runarhalonen.no\/en\/product\/min-utrolige-forvandling\/\" \/>\n<meta property=\"og:site_name\" content=\"Runar Halonen\" \/>\n<meta property=\"article:publisher\" content=\"https:\/\/www.facebook.com\/runarhalonen.healing\" \/>\n<meta property=\"article:modified_time\" content=\"2026-03-17T08:08:34+00:00\" \/>\n<meta property=\"og:image\" content=\"https:\/\/runarhalonen.no\/wp-content\/uploads\/2018\/11\/Min-utrolige-forvandling-3D.-NY-1024x683.png\" \/>\n\t<meta property=\"og:image:width\" content=\"1024\" \/>\n\t<meta property=\"og:image:height\" content=\"683\" \/>\n\t<meta property=\"og:image:type\" content=\"image\/png\" \/>\n<meta name=\"twitter:card\" content=\"summary_large_image\" \/>\n<meta name=\"twitter:label1\" content=\"Estimated reading time\" \/>\n\t<meta name=\"twitter:data1\" content=\"2 minutes\" \/>\n<script type=\"application\/ld+json\" class=\"yoast-schema-graph\">{\"@context\":\"https:\\\/\\\/schema.org\",\"@graph\":[{\"@type\":\"WebPage\",\"@id\":\"https:\\\/\\\/runarhalonen.no\\\/produkt\\\/min-utrolige-forvandling\\\/\",\"url\":\"https:\\\/\\\/runarhalonen.no\\\/produkt\\\/min-utrolige-forvandling\\\/\",\"name\":\"Min utrolige forvandling. UTSOLGT. Finnes som lyd- og e-bok - Runar Halonen\",\"isPartOf\":{\"@id\":\"https:\\\/\\\/runarhalonen.no\\\/#website\"},\"primaryImageOfPage\":{\"@id\":\"https:\\\/\\\/runarhalonen.no\\\/produkt\\\/min-utrolige-forvandling\\\/#primaryimage\"},\"image\":{\"@id\":\"https:\\\/\\\/runarhalonen.no\\\/produkt\\\/min-utrolige-forvandling\\\/#primaryimage\"},\"thumbnailUrl\":\"https:\\\/\\\/runarhalonen.no\\\/wp-content\\\/uploads\\\/2018\\\/11\\\/Min-utrolige-forvandling-3D.-NY.png\",\"datePublished\":\"2018-10-02T11:31:41+00:00\",\"dateModified\":\"2026-03-17T08:08:34+00:00\",\"breadcrumb\":{\"@id\":\"https:\\\/\\\/runarhalonen.no\\\/produkt\\\/min-utrolige-forvandling\\\/#breadcrumb\"},\"inLanguage\":\"en-GB\",\"potentialAction\":[{\"@type\":\"ReadAction\",\"target\":[\"https:\\\/\\\/runarhalonen.no\\\/produkt\\\/min-utrolige-forvandling\\\/\"]}]},{\"@type\":\"ImageObject\",\"inLanguage\":\"en-GB\",\"@id\":\"https:\\\/\\\/runarhalonen.no\\\/produkt\\\/min-utrolige-forvandling\\\/#primaryimage\",\"url\":\"https:\\\/\\\/runarhalonen.no\\\/wp-content\\\/uploads\\\/2018\\\/11\\\/Min-utrolige-forvandling-3D.-NY.png\",\"contentUrl\":\"https:\\\/\\\/runarhalonen.no\\\/wp-content\\\/uploads\\\/2018\\\/11\\\/Min-utrolige-forvandling-3D.-NY.png\",\"width\":1536,\"height\":1024},{\"@type\":\"BreadcrumbList\",\"@id\":\"https:\\\/\\\/runarhalonen.no\\\/produkt\\\/min-utrolige-forvandling\\\/#breadcrumb\",\"itemListElement\":[{\"@type\":\"ListItem\",\"position\":1,\"name\":\"Hjem\",\"item\":\"https:\\\/\\\/runarhalonen.no\\\/\"},{\"@type\":\"ListItem\",\"position\":2,\"name\":\"Butikk\",\"item\":\"https:\\\/\\\/runarhalonen.no\\\/butikk\\\/\"},{\"@type\":\"ListItem\",\"position\":3,\"name\":\"Min utrolige forvandling. UTSOLGT. Finnes som lyd- og e-bok\"}]},{\"@type\":\"WebSite\",\"@id\":\"https:\\\/\\\/runarhalonen.no\\\/#website\",\"url\":\"https:\\\/\\\/runarhalonen.no\\\/\",\"name\":\"Runar Halonen\",\"description\":\"Healing, spirituell veiledning, husrensing, sound healing, kurs, LIVE sendinger, forfatter\",\"publisher\":{\"@id\":\"https:\\\/\\\/runarhalonen.no\\\/#\\\/schema\\\/person\\\/b5661ff91c917350053a622fca7bab2d\"},\"potentialAction\":[{\"@type\":\"SearchAction\",\"target\":{\"@type\":\"EntryPoint\",\"urlTemplate\":\"https:\\\/\\\/runarhalonen.no\\\/?s={search_term_string}\"},\"query-input\":{\"@type\":\"PropertyValueSpecification\",\"valueRequired\":true,\"valueName\":\"search_term_string\"}}],\"inLanguage\":\"en-GB\"},{\"@type\":[\"Person\",\"Organization\"],\"@id\":\"https:\\\/\\\/runarhalonen.no\\\/#\\\/schema\\\/person\\\/b5661ff91c917350053a622fca7bab2d\",\"name\":\"Runar\",\"image\":{\"@type\":\"ImageObject\",\"inLanguage\":\"en-GB\",\"@id\":\"https:\\\/\\\/runarhalonen.no\\\/wp-content\\\/uploads\\\/2019\\\/12\\\/430697_382268461785172_2018319795_n-1.webp\",\"url\":\"https:\\\/\\\/runarhalonen.no\\\/wp-content\\\/uploads\\\/2019\\\/12\\\/430697_382268461785172_2018319795_n-1.webp\",\"contentUrl\":\"https:\\\/\\\/runarhalonen.no\\\/wp-content\\\/uploads\\\/2019\\\/12\\\/430697_382268461785172_2018319795_n-1.webp\",\"width\":618,\"height\":800,\"caption\":\"Runar\"},\"logo\":{\"@id\":\"https:\\\/\\\/runarhalonen.no\\\/wp-content\\\/uploads\\\/2019\\\/12\\\/430697_382268461785172_2018319795_n-1.webp\"},\"sameAs\":[\"https:\\\/\\\/runarhalonen.no\",\"https:\\\/\\\/www.facebook.com\\\/runarhalonen.healing\",\"https:\\\/\\\/www.instagram.com\\\/runarhalonen\\\/\",\"https:\\\/\\\/www.youtube.com\\\/channel\\\/UC0noDyGx10IW-GIFuLsoJZQ\"]}]}<\/script>\n<!-- \/ Yoast SEO Premium plugin. -->","yoast_head_json":{"title":"Min utrolige forvandling. UTSOLGT. Finnes som lyd- og e-bok - Runar Halonen","robots":{"index":"index","follow":"follow","max-snippet":"max-snippet:-1","max-image-preview":"max-image-preview:large","max-video-preview":"max-video-preview:-1"},"canonical":"https:\/\/runarhalonen.no\/en\/product\/min-utrolige-forvandling\/","og_locale":"en_GB","og_type":"article","og_title":"Min utrolige forvandling. UTSOLGT. Finnes som lyd- og e-bok","og_description":"Boken er utsolgt som fysisk bok, men den finnes som lydbok og e-bok som innlogget medlem i Healing Room","og_url":"https:\/\/runarhalonen.no\/en\/product\/min-utrolige-forvandling\/","og_site_name":"Runar Halonen","article_publisher":"https:\/\/www.facebook.com\/runarhalonen.healing","article_modified_time":"2026-03-17T08:08:34+00:00","og_image":[{"width":1024,"height":683,"url":"https:\/\/runarhalonen.no\/wp-content\/uploads\/2018\/11\/Min-utrolige-forvandling-3D.-NY-1024x683.png","type":"image\/png"}],"twitter_card":"summary_large_image","twitter_misc":{"Estimated reading time":"2 minutes"},"schema":{"@context":"https:\/\/schema.org","@graph":[{"@type":"WebPage","@id":"https:\/\/runarhalonen.no\/produkt\/min-utrolige-forvandling\/","url":"https:\/\/runarhalonen.no\/produkt\/min-utrolige-forvandling\/","name":"Min utrolige forvandling. UTSOLGT. Finnes som lyd- og e-bok - Runar Halonen","isPartOf":{"@id":"https:\/\/runarhalonen.no\/#website"},"primaryImageOfPage":{"@id":"https:\/\/runarhalonen.no\/produkt\/min-utrolige-forvandling\/#primaryimage"},"image":{"@id":"https:\/\/runarhalonen.no\/produkt\/min-utrolige-forvandling\/#primaryimage"},"thumbnailUrl":"https:\/\/runarhalonen.no\/wp-content\/uploads\/2018\/11\/Min-utrolige-forvandling-3D.-NY.png","datePublished":"2018-10-02T11:31:41+00:00","dateModified":"2026-03-17T08:08:34+00:00","breadcrumb":{"@id":"https:\/\/runarhalonen.no\/produkt\/min-utrolige-forvandling\/#breadcrumb"},"inLanguage":"en-GB","potentialAction":[{"@type":"ReadAction","target":["https:\/\/runarhalonen.no\/produkt\/min-utrolige-forvandling\/"]}]},{"@type":"ImageObject","inLanguage":"en-GB","@id":"https:\/\/runarhalonen.no\/produkt\/min-utrolige-forvandling\/#primaryimage","url":"https:\/\/runarhalonen.no\/wp-content\/uploads\/2018\/11\/Min-utrolige-forvandling-3D.-NY.png","contentUrl":"https:\/\/runarhalonen.no\/wp-content\/uploads\/2018\/11\/Min-utrolige-forvandling-3D.-NY.png","width":1536,"height":1024},{"@type":"BreadcrumbList","@id":"https:\/\/runarhalonen.no\/produkt\/min-utrolige-forvandling\/#breadcrumb","itemListElement":[{"@type":"ListItem","position":1,"name":"Hjem","item":"https:\/\/runarhalonen.no\/"},{"@type":"ListItem","position":2,"name":"Butikk","item":"https:\/\/runarhalonen.no\/butikk\/"},{"@type":"ListItem","position":3,"name":"Min utrolige forvandling. UTSOLGT. Finnes som lyd- og e-bok"}]},{"@type":"WebSite","@id":"https:\/\/runarhalonen.no\/#website","url":"https:\/\/runarhalonen.no\/","name":"Runar Halonen","description":"Healing, spirituell veiledning, husrensing, sound healing, kurs, LIVE sendinger, forfatter","publisher":{"@id":"https:\/\/runarhalonen.no\/#\/schema\/person\/b5661ff91c917350053a622fca7bab2d"},"potentialAction":[{"@type":"SearchAction","target":{"@type":"EntryPoint","urlTemplate":"https:\/\/runarhalonen.no\/?s={search_term_string}"},"query-input":{"@type":"PropertyValueSpecification","valueRequired":true,"valueName":"search_term_string"}}],"inLanguage":"en-GB"},{"@type":["Person","Organization"],"@id":"https:\/\/runarhalonen.no\/#\/schema\/person\/b5661ff91c917350053a622fca7bab2d","name":"Runar","image":{"@type":"ImageObject","inLanguage":"en-GB","@id":"https:\/\/runarhalonen.no\/wp-content\/uploads\/2019\/12\/430697_382268461785172_2018319795_n-1.webp","url":"https:\/\/runarhalonen.no\/wp-content\/uploads\/2019\/12\/430697_382268461785172_2018319795_n-1.webp","contentUrl":"https:\/\/runarhalonen.no\/wp-content\/uploads\/2019\/12\/430697_382268461785172_2018319795_n-1.webp","width":618,"height":800,"caption":"Runar"},"logo":{"@id":"https:\/\/runarhalonen.no\/wp-content\/uploads\/2019\/12\/430697_382268461785172_2018319795_n-1.webp"},"sameAs":["https:\/\/runarhalonen.no","https:\/\/www.facebook.com\/runarhalonen.healing","https:\/\/www.instagram.com\/runarhalonen\/","https:\/\/www.youtube.com\/channel\/UC0noDyGx10IW-GIFuLsoJZQ"]}]}},"_links":{"self":[{"href":"https:\/\/runarhalonen.no\/en\/wp-json\/wp\/v2\/product\/123","targetHints":{"allow":["GET"]}}],"collection":[{"href":"https:\/\/runarhalonen.no\/en\/wp-json\/wp\/v2\/product"}],"about":[{"href":"https:\/\/runarhalonen.no\/en\/wp-json\/wp\/v2\/types\/product"}],"replies":[{"embeddable":true,"href":"https:\/\/runarhalonen.no\/en\/wp-json\/wp\/v2\/comments?post=123"}],"version-history":[{"count":11,"href":"https:\/\/runarhalonen.no\/en\/wp-json\/wp\/v2\/product\/123\/revisions"}],"predecessor-version":[{"id":27237,"href":"https:\/\/runarhalonen.no\/en\/wp-json\/wp\/v2\/product\/123\/revisions\/27237"}],"wp:featuredmedia":[{"embeddable":true,"href":"https:\/\/runarhalonen.no\/en\/wp-json\/wp\/v2\/media\/27163"}],"wp:attachment":[{"href":"https:\/\/runarhalonen.no\/en\/wp-json\/wp\/v2\/media?parent=123"}],"wp:term":[{"taxonomy":"product_brand","embeddable":true,"href":"https:\/\/runarhalonen.no\/en\/wp-json\/wp\/v2\/product_brand?post=123"},{"taxonomy":"product_cat","embeddable":true,"href":"https:\/\/runarhalonen.no\/en\/wp-json\/wp\/v2\/product_cat?post=123"},{"taxonomy":"product_tag","embeddable":true,"href":"https:\/\/runarhalonen.no\/en\/wp-json\/wp\/v2\/product_tag?post=123"}],"curies":[{"name":"wp","href":"https:\/\/api.w.org\/{rel}","templated":true}]}}