{"id":3997,"date":"2018-11-16T14:21:32","date_gmt":"2018-11-16T13:21:32","guid":{"rendered":"https:\/\/runarhal.wpengine.com\/?page_id=3997"},"modified":"2025-03-07T10:08:30","modified_gmt":"2025-03-07T09:08:30","slug":"brukervilkar-personvernerkaering","status":"publish","type":"page","link":"https:\/\/runarhalonen.no\/en\/brukervilkar-personvernerkaering\/","title":{"rendered":"Brukervilk\u00e5r \/ Personvernerkl\u00e6ring."},"content":{"rendered":"<div data-elementor-type=\"wp-page\" data-elementor-id=\"3997\" class=\"elementor elementor-3997\" data-elementor-post-type=\"page\">\n\t\t\t\t<div class=\"elementor-element elementor-element-17f0e3d e-flex e-con-boxed e-con e-parent\" data-id=\"17f0e3d\" data-element_type=\"container\" data-e-type=\"container\">\n\t\t\t\t\t<div class=\"e-con-inner\">\n\t\t\t\t<div class=\"elementor-element elementor-element-1b13e11 elementor-cta--meadia-align-right elementor-cta--talign-center elementor-widget elementor-widget-bb-tabs\" data-id=\"1b13e11\" data-element_type=\"widget\" data-e-type=\"widget\" data-widget_type=\"bb-tabs.default\">\n\t\t\t\t<div class=\"elementor-widget-container\">\n\t\t\t\t\t\n\t\t<div class=\"bb-tabs\">\n\t\t\t\n\t\t\t<div dir=\"ltr\" class=\"tabs-wrapper flex tabs-wrapper--style1 bb-is-dotted\">\n\n\t\t\t\t<div class=\"bb-tabs__nav flex bb-tabs__active-outline\" data-num=\"3\">\n\t\t\t\t\t\t\t\t\t\t\t<div class=\"bb-tabs__nav-item\">\n\t\t\t\t\t\t\t<span class=\"bb-tabs__nav-index\">1<\/span>\n\t\t\t\t\t\t\t<span class=\"bb-tabs__nav-title\">Healing Room<\/span>\n\t\t\t\t\t\t<\/div>\n\t\t\t\t\t\t\t\t\t\t\t<div class=\"bb-tabs__nav-item\">\n\t\t\t\t\t\t\t<span class=\"bb-tabs__nav-index\">2<\/span>\n\t\t\t\t\t\t\t<span class=\"bb-tabs__nav-title\">Nettbutikk<\/span>\n\t\t\t\t\t\t<\/div>\n\t\t\t\t\t\t\t\t\t\t\t<div class=\"bb-tabs__nav-item\">\n\t\t\t\t\t\t\t<span class=\"bb-tabs__nav-index\">3<\/span>\n\t\t\t\t\t\t\t<span class=\"bb-tabs__nav-title\">Privacy<\/span>\n\t\t\t\t\t\t<\/div>\n\t\t\t\t\t\t\t\t\t<\/div>\n\n\t\t\t\t<div class=\"bb-tabs__run\" data-nav=\"true\" data-dots=\"true\">\n\t\t\t\t\t\t\t\t\t\t\t\n\t\t\t\t\t\t\t\n\t\t\t\t\t\t\t<div class=\"bb-tabs__slide bb-tabs__nomedia\">\n\t\t\t\t\t\t\t\t<div class=\"bb-tabs__block flex\">\n\t\t\t\t\t\t\t\t\t\n\t\t\t\t\t\t\t\t\t<div class=\"bb-tabs__body\">\n\t\t\t\t\t\t\t\t\t\t<div class=\"bb-tabs__subtitle\"><h6>Healing Room<\/h6><\/div>\n\t\t\t\t\t\t\t\t\t\t<div class=\"bb-tabs__title\"><h3>Healing Room<\/h3><\/div>\n\t\t\t\t\t\t\t\t\t\t<div class=\"bb-tabs__excerpt\"><p><strong>Medlemskapet gjelder 1 person<\/strong><\/p>\n<ul>\n<li>Innhold i Healing Room kan ikke deles med andre. Passordet for innlogging er personlig og kun for 1 bruker.\u00a0<\/li>\n<li>12 m\u00e5neders medlemskap: Du betaler engangsbel\u00f8p med Visa\/kredittkort ved innmelding. Utl\u00f8per automatisk etter 12 m\u00e5neder. Du kan deretter fornye medlemskapet.\u00a0<\/li>\n<li>M\u00e5nedlig: Du betaler m\u00e5nedlig. Medlemskapet l\u00f8per automatisk hver m\u00e5ned til du selv velger \u00e5 avslutte medlemskapet.\u00a0 Du er selv ansvarlig \u00e5 avslutte medlemskap f\u00f8r neste forfall via fanen Brukerveiledning\/dashboard. Her finner du link for avslutte m\u00e5nedlig l\u00f8pende medlemskap. Trenger du support til \u00e5 endre eller avslutte medlemskap, s\u00e5 kan det utf\u00f8res p\u00e5 hverdagene mandag til fredag mellom kl 09-16.\u00a0 Unntatt ved ferielukket.<\/li>\n<\/ul>\n<p>You get access to:<\/p>\n<ul>\n<li>Delta p\u00e5 LIVE kurs innen healing og spirituell utvikling. Du kan ogs\u00e5 se kursene i reprise i Healing Room.<\/li>\n<li>Delta p\u00e5 livesending for medlemmer eller offentlige minst 1 gang per kalenderm\u00e5ned, unntatt feriem\u00e5ned juli og august, eller ved sykdom. Tema blir til under livesending. Du kan ogs\u00e5 se livesendingene i reprise i Healing Room.<\/li>\n<li>M\u00e5lrettede meditasjoner er spilt inn utenom livesendinger. De er kortere og direkte p\u00e5 et tema.<\/li>\n<li>Healing Movement. Healing og meditasjon i bevegelse.<\/li>\n<li>Musikk. Du f\u00e5r tilgang til streaming av sound healing og guidede meditasjons CD\u2019er. De samme som er i nettbutikken.<\/li>\n<li>Lydbok og E-bok. Du kan lese den som E-bok og lytte til lydbok. Lest inn av Runar Halonen. Les mer om Min utrolige forvandling i nettbutikken.<\/li>\n<li><a href=\"https:\/\/www.facebook.com\/groups\/roomhealing\/\">Meld deg inn i Facebookgruppa \"Healing Room<\/a><\/li>\n<li>Du legges til gruppa hvis du er registrert med et av de betalte medlemskapene i Healing Room.\u00a0<\/li>\n<\/ul><\/div>\n\t\t\t\t\t\t\t\t\t\t\t\t\t\t\t\t\t\t\t<\/div>\n\n\t\t\t\t\t\t\t\t\t\n\t\t\t\t\t\t\t\t<\/div>\n\t\t\t\t\t\t\t<\/div>\n\n\t\t\t\t\t\t\t\t\t\t\t\t\t\t\t\t\t\n\t\t\t\t\t\t\t\n\t\t\t\t\t\t\t<div class=\"bb-tabs__slide bb-tabs__nomedia\">\n\t\t\t\t\t\t\t\t<div class=\"bb-tabs__block flex\">\n\t\t\t\t\t\t\t\t\t\n\t\t\t\t\t\t\t\t\t<div class=\"bb-tabs__body\">\n\t\t\t\t\t\t\t\t\t\t<div class=\"bb-tabs__subtitle\"><h6>Nettbutikk<\/h6><\/div>\n\t\t\t\t\t\t\t\t\t\t<div class=\"bb-tabs__title\"><h3>Nettbutikk<\/h3><\/div>\n\t\t\t\t\t\t\t\t\t\t<div class=\"bb-tabs__excerpt\"><p>Kontroller at du har oppgitt riktig opplysninger. Har du oppgitt feil opplysninger og pakken kommer i retur til oss m\u00e5 du betale\u00a0portoomkostninger\u00a0b\u00e5de for forsendelsen, returen og ny sending.<\/p>\n<p>Husk at du sjekker spamfilteret\/s\u00f8ppelpost hvis du ikke mottar ordrebekreftelse\/betalingsinformasjon pr. email.<\/p>\n<ul>\n<li><strong>BETALING<\/strong><br \/>Du kan trygt handle hos oss med Stripe Visa\/kredittkort eller Vipps. Leverand\u00f8rene av betalingstjenesten er en stor akt\u00f8r i Norge, og har gode og sikre rutiner.<br \/><br \/><\/li>\n<li><strong>LEVERINGSTID<\/strong><br \/>Varene sendes innen 5 virkedager<br \/><br \/><\/li>\n<li><strong>UAVHENTEDE SENDINGER<\/strong><br \/>N\u00e5r pakken har kommet til ditt lokale hentested m\u00e5 den hentes i l\u00f8pet av 2 uker. Dersom du ikke henter pakken og forholder deg ellers passiv, vil ikke dette gi oss noen indikasjoner p\u00e5 hvorfor pakken ikke er hentet. Du har da ikke oppfylt kravene som stilles til deg i henhold til Angrerettloven \u00a711 og \u00a713, og mister derfor retten til \u00e5 g\u00e5 fra avtalen. Du blir da belastet med et gebyr p\u00e5 kr 350,- for \u00e5 dekke v\u00e5re utlegg til porto\/returporto samt v\u00e5re administrasjonskostnader.<br \/><br \/><\/li>\n<li><strong>COOKIES<\/strong><br \/>Vi benytter cookies, dette hjelper oss til \u00e5 tilby v\u00e5re tjenester tilpasset utstyret du benytter. Ved \u00e5 bruke v\u00e5re tjenester samtykker du i v\u00e5r bruk av cookies.<br \/><br \/><\/li>\n<li><strong>PERSONVERN \/LAGREDE DATA<\/strong><br \/>Vi lagrer dine personopplysninger kun til bruk for utsendelse av varer. Vi deler ikke dine personopplysninger med andre, og du kan be om at vi sletter opplysningene i v\u00e5re databaser, hvis du \u00f8nsker det.<br \/><br \/><\/li>\n<li><strong>ANGRERETT\/RETUR<\/strong><br \/>Vi f\u00f8lger Norske lover, og i f\u00f8lge Angrerettloven har du 14 dagers returrett p\u00e5 alle varer du kj\u00f8per via internett. Det betyr at du kan sende tilbake pakken hvis du ikke er forn\u00f8yd eller om du har ombestemt deg. Ta vare p\u00e5 orginalemballasje og ikke fjern eventuelle merkelapper dersom du ikke er sikker p\u00e5 om du vil beholde varen.<\/li>\n<li>Du er selv ansvarlig for returforsendelsen og m\u00e5 betale returportoen.<em>\u00a0Forsendelser som sendes uten sporing sendes p\u00e5 eget ansvar.<\/em><\/li>\n<li>S\u00e5 snart returen er kontrollert vil tilgodehavende bli utbetalt til oppgitt kontonr.<\/li>\n<li>NB! Portoomkostninger blir ikke refundert med mindre det er en feil eller mangel p\u00e5 varen.<\/li>\n<li>Du finner mer informasjon om angrerettloven her:\u00a0<a href=\"http:\/\/www.forbrukerradet.no\/\">http:\/\/www.forbrukerradet.no<\/a><\/li>\n<\/ul>\n<p>\u00a0<\/p><\/div>\n\t\t\t\t\t\t\t\t\t\t\t\t\t\t\t\t\t\t\t<\/div>\n\n\t\t\t\t\t\t\t\t\t\n\t\t\t\t\t\t\t\t<\/div>\n\t\t\t\t\t\t\t<\/div>\n\n\t\t\t\t\t\t\t\t\t\t\t\t\t\t\t\t\t\n\t\t\t\t\t\t\t\n\t\t\t\t\t\t\t<div class=\"bb-tabs__slide bb-tabs__nomedia\">\n\t\t\t\t\t\t\t\t<div class=\"bb-tabs__block flex\">\n\t\t\t\t\t\t\t\t\t\n\t\t\t\t\t\t\t\t\t<div class=\"bb-tabs__body\">\n\t\t\t\t\t\t\t\t\t\t<div class=\"bb-tabs__subtitle\"><h6>Privacy<\/h6><\/div>\n\t\t\t\t\t\t\t\t\t\t<div class=\"bb-tabs__title\"><h3>Privacy<\/h3><\/div>\n\t\t\t\t\t\t\t\t\t\t<div class=\"bb-tabs__excerpt\"><p data-pm-slice=\"1 1 []\">Velkommen til runarhalonen.no. Vi tar ditt personvern p\u00e5 alvor og behandler dine personopplysninger i samsvar med gjeldende lover og forskrifter, inkludert personvernforordningen (GDPR). Denne personvernerkl\u00e6ringen forklarer hvordan vi samler inn, bruker og beskytter dine personopplysninger.<\/p>\n<p><strong>Hvilke personopplysninger vi samler inn og hvorfor vi samler de inn<\/strong><\/p>\n<p>N\u00e5r bes\u00f8kende legger inn kommentarer p\u00e5 siden, lagres informasjonen gitt inn i kommentarskjemaet i tillegg til IP-adressen til den bes\u00f8kende og den bes\u00f8kendes nettleserversjon. Dette gj\u00f8res for \u00e5 bidra til \u00e5 unng\u00e5 useri\u00f8se kommentarer.<\/p>\n<p>En anonym tekststreng generert p\u00e5 grunnlag av e-postadressen din (ogs\u00e5 kalt en \u00abhash\u00bb) kan bli sendt til tjenesten Gravatar for \u00e5 unders\u00f8ke om du har en konto der. Personvernerkl\u00e6ringen til Gravatar ligger her: https:\/\/automattic.com\/privacy\/. Etter at kommentaren din er blitt godkjent, vil profilbildet ditt v\u00e6re synlig for hvem som helst i forbindelse med kommentaren din.<\/p>\n<p><strong>Cookies<\/strong><\/p>\n<p>Hvis du legger inn en kommentar p\u00e5 dette nettstedet, kan du be oss om \u00e5 huske navn, e-post og nettsted. Denne informasjonen lagres i en informasjonskapsel og er der for \u00e5 gj\u00f8re ting lettere for deg. Du trenger da ikke \u00e5 gi inn denne informasjonen p\u00e5 nytt neste gang du legger inn en kommentar. Disse informasjonskapslene utl\u00f8per etter ett \u00e5r.<\/p>\n<p>Hvis du har en konto og logger deg inn p\u00e5 dette nettstedet, vil vi opprette en midlertidig informasjonskapsel for \u00e5 avgj\u00f8re om nettleseren din st\u00f8tter bruk av dette. Denne informasjonskapselen innholder ingen personopplysninger og forsvinner s\u00e5 snart du lukker nettleseren din.<\/p>\n<p>N\u00e5r du logger deg inn, blir det opprettet informasjonskapsler som lagrer innloggingsinformasjonen din og valg du har tatt n\u00e5r det gjelder hvordan innhold skal vises. Informasjonskapsler med innloggingsinformasjon utl\u00f8per etter to dager, mens de med visningsvalg varer i ett \u00e5r. Hvis du krysser av for &amp;lauot;Husk meg\u00bbt;, vil innloggingsinformasjonen din oppbevares i to uker. Hvis du logger deg ut av kontoen din, vil disse informasjonskapslene forsvinne.<\/p>\n<p>Hvis du redigerer eller publiserer en artikkel, vil ytterligere en informasjonskapsel bli lagret i nettleseren din. Denne informasjonskapselen inneholder ingen personopplysninger, men bare ID-en til artikkelen du nettopp redigerte. Den utl\u00f8per etter \u00e9n dag.<\/p>\n<p><strong>Innebygd innhold fra andre nettsteder<\/strong><\/p>\n<p>Artikler p\u00e5 denne siden kan inkludere innebygd innhold (f.eks. videoer, bilder, artikler osv.). Innebygd innhold fra andre nettsteder oppf\u00f8rer seg p\u00e5 n\u00f8yaktig samme m\u00e5te som om den bes\u00f8kende hadde bes\u00f8kt nettstedet som det innebygde innholdet kommer fra.<\/p>\n<p>Disse nettstedene kan samle inn opplysninger om deg, bruke informasjonskapsler, bygge inn sporingssystemer fra tredjeparter og overv\u00e5ke hva du gj\u00f8r via dette innebygde innholdet. Dette omfatter ogs\u00e5 sporing av handlingene dine via det innebygde innholdet dersom du har en konto og er logget inn p\u00e5 nettstedet.<\/p>\n<p><strong>Hvor lenge vi oppbevarer opplysninger om deg<\/strong><\/p>\n<p>Hvis du legger igjen en kommentar, blir kommentaren og informasjon om kommentaren lagret p\u00e5 ubestemt tid. Dette er for at vi kan gjenkjenne oppf\u00f8lgingskommentarer og godkjenne dem automatisk i stedet for \u00e5 legge dem i en k\u00f8 der de m\u00e5 godkjennes manuelt av en redakt\u00f8r.<\/p>\n<p>For brukere som registrerer seg p\u00e5 dette nettstedet (dersom denne muligheten eksisterer), lagres det ogs\u00e5 personopplysninger som de oppgir i brukerprofilen sin. Alle brukere kan se, redigere og slette sine egne personopplysninger n\u00e5r som helst (bortsett fra brukernavn). Nettstedets administratorer kan ogs\u00e5 se og redigere denne informasjonen.<\/p>\n<p><strong>COOKIES<\/strong><br \/>Vi benytter cookies, dette hjelper oss til \u00e5 tilby v\u00e5re tjenester tilpasset utstyret du benytter. Ved \u00e5 bruke v\u00e5re tjenester samtykker du i v\u00e5r bruk av cookies.<\/p>\n<p><strong>PERSONVERN \/LAGREDE DATA<\/strong><br \/>Vi lagrer dine personopplysninger kun til bruk for utsendelse av varer. Vi deler ikke dine personopplysninger med andre, og du kan be om at vi sletter opplysningene i v\u00e5re databaser, hvis du \u00f8nsker det.<\/p>\n<p><strong>ANGRERETT\/RETUR<\/strong><br \/>Vi f\u00f8lger Norske lover, og i f\u00f8lge Angrerettloven har du 14 dagers returrett p\u00e5 alle varer du kj\u00f8per via internett. Det betyr at du kan sende tilbake pakken hvis du ikke er forn\u00f8yd eller om du har ombestemt deg. Ta vare p\u00e5 orginalemballasje og ikke fjern eventuelle merkelapper dersom du ikke er sikker p\u00e5 om du vil beholde varen.<\/p>\n<p>Du er selv ansvarlig for returforsendelsen og m\u00e5 betale returportoen.<em>\u00a0Forsendelser som sendes uten sporing sendes p\u00e5 eget ansvar.<\/em><\/p>\n<p>S\u00e5 snart returen er kontrollert vil tilgodehavende bli utbetalt til oppgitt kontonr.<\/p>\n<p>NB! Portoomkostninger blir ikke refundert med mindre det er en feil eller mangel p\u00e5 varen.<\/p>\n<p>Du finner mer informasjon om angrerettloven her:\u00a0<a href=\"http:\/\/www.forbrukerradet.no\/\">http:\/\/www.forbrukerradet.no<\/a><\/p>\n<p data-pm-slice=\"1 1 []\"><strong>Kontaktinformasjon<\/strong> Dersom du har sp\u00f8rsm\u00e5l om denne personvernerkl\u00e6ringen eller hvordan vi behandler dine personopplysninger, kan du kontakte oss p\u00e5:<\/p>\n<p><strong>E-post:<\/strong> post@runarhalonen.no<br \/><br \/><strong>Telefon:<\/strong> 909 27 310 <strong>Adresse:<\/strong> Drammensveien 4, 3050 Mj\u00f8ndalen.<\/p><\/div>\n\t\t\t\t\t\t\t\t\t\t\t\t\t\t\t\t\t\t\t<\/div>\n\n\t\t\t\t\t\t\t\t\t\n\t\t\t\t\t\t\t\t<\/div>\n\t\t\t\t\t\t\t<\/div>\n\n\t\t\t\t\t\t\t\t\t\t\t\t\t\t\t<\/div>\n\n\t\t\t<\/div>\n\n\t\t<\/div>\n\n\t\t\t\t\t\t<\/div>\n\t\t\t\t<\/div>\n\t\t\t\t\t<\/div>\n\t\t\t\t<\/div>\n\t\t\t\t<\/div>","protected":false},"excerpt":{"rendered":"<p>1 Healing Room 2 Nettbutikk 3 Personvern Healing Room Healing Room Medlemskapet gjelder 1 person Innhold i Healing Room kan ikke deles med andre. Passordet&hellip;<\/p>","protected":false},"author":90,"featured_media":0,"parent":0,"menu_order":0,"comment_status":"closed","ping_status":"closed","template":"","meta":{"pmpro_default_level":"","footnotes":""},"class_list":["post-3997","page","type-page","status-publish","hentry","pmpro-has-access"],"yoast_head":"<!-- This site is optimized with the Yoast SEO Premium plugin v27.3 (Yoast SEO v27.4) - https:\/\/yoast.com\/product\/yoast-seo-premium-wordpress\/ -->\n<title>Brukervilk\u00e5r \/ Personvernerkl\u00e6ring. - Runar Halonen<\/title>\n<meta name=\"robots\" content=\"index, follow, max-snippet:-1, max-image-preview:large, max-video-preview:-1\" \/>\n<link rel=\"canonical\" href=\"https:\/\/runarhalonen.no\/en\/brukervilkar-personvernerkaering\/\" \/>\n<meta property=\"og:locale\" content=\"en_GB\" \/>\n<meta property=\"og:type\" content=\"article\" \/>\n<meta property=\"og:title\" content=\"Brukervilk\u00e5r \/ Personvernerkl\u00e6ring.\" \/>\n<meta property=\"og:description\" content=\"1 Healing Room 2 Nettbutikk 3 Personvern Healing Room Healing Room Medlemskapet gjelder 1 person Innhold i Healing Room kan ikke deles med andre. Passordet&hellip;\" \/>\n<meta property=\"og:url\" content=\"https:\/\/runarhalonen.no\/en\/brukervilkar-personvernerkaering\/\" \/>\n<meta property=\"og:site_name\" content=\"Runar Halonen\" \/>\n<meta property=\"article:publisher\" content=\"https:\/\/www.facebook.com\/runarhalonen.healing\" \/>\n<meta property=\"article:modified_time\" content=\"2025-03-07T09:08:30+00:00\" \/>\n<meta name=\"twitter:card\" content=\"summary_large_image\" \/>\n<meta name=\"twitter:label1\" content=\"Estimated reading time\" \/>\n\t<meta name=\"twitter:data1\" content=\"8 minutes\" \/>\n<script type=\"application\/ld+json\" class=\"yoast-schema-graph\">{\"@context\":\"https:\\\/\\\/schema.org\",\"@graph\":[{\"@type\":\"WebPage\",\"@id\":\"https:\\\/\\\/runarhalonen.no\\\/brukervilkar-personvernerkaering\\\/\",\"url\":\"https:\\\/\\\/runarhalonen.no\\\/brukervilkar-personvernerkaering\\\/\",\"name\":\"Brukervilk\u00e5r \\\/ Personvernerkl\u00e6ring. - Runar Halonen\",\"isPartOf\":{\"@id\":\"https:\\\/\\\/runarhalonen.no\\\/#website\"},\"datePublished\":\"2018-11-16T13:21:32+00:00\",\"dateModified\":\"2025-03-07T09:08:30+00:00\",\"breadcrumb\":{\"@id\":\"https:\\\/\\\/runarhalonen.no\\\/brukervilkar-personvernerkaering\\\/#breadcrumb\"},\"inLanguage\":\"en-GB\",\"potentialAction\":[{\"@type\":\"ReadAction\",\"target\":[\"https:\\\/\\\/runarhalonen.no\\\/brukervilkar-personvernerkaering\\\/\"]}]},{\"@type\":\"BreadcrumbList\",\"@id\":\"https:\\\/\\\/runarhalonen.no\\\/brukervilkar-personvernerkaering\\\/#breadcrumb\",\"itemListElement\":[{\"@type\":\"ListItem\",\"position\":1,\"name\":\"Hjem\",\"item\":\"https:\\\/\\\/runarhalonen.no\\\/\"},{\"@type\":\"ListItem\",\"position\":2,\"name\":\"Brukervilk\u00e5r \\\/ Personvernerkl\u00e6ring.\"}]},{\"@type\":\"WebSite\",\"@id\":\"https:\\\/\\\/runarhalonen.no\\\/#website\",\"url\":\"https:\\\/\\\/runarhalonen.no\\\/\",\"name\":\"Runar Halonen\",\"description\":\"Healing, spirituell veiledning, husrensing, sound healing, kurs, LIVE sendinger, forfatter\",\"publisher\":{\"@id\":\"https:\\\/\\\/runarhalonen.no\\\/#\\\/schema\\\/person\\\/b5661ff91c917350053a622fca7bab2d\"},\"potentialAction\":[{\"@type\":\"SearchAction\",\"target\":{\"@type\":\"EntryPoint\",\"urlTemplate\":\"https:\\\/\\\/runarhalonen.no\\\/?s={search_term_string}\"},\"query-input\":{\"@type\":\"PropertyValueSpecification\",\"valueRequired\":true,\"valueName\":\"search_term_string\"}}],\"inLanguage\":\"en-GB\"},{\"@type\":[\"Person\",\"Organization\"],\"@id\":\"https:\\\/\\\/runarhalonen.no\\\/#\\\/schema\\\/person\\\/b5661ff91c917350053a622fca7bab2d\",\"name\":\"Runar\",\"image\":{\"@type\":\"ImageObject\",\"inLanguage\":\"en-GB\",\"@id\":\"https:\\\/\\\/runarhalonen.no\\\/wp-content\\\/uploads\\\/2019\\\/12\\\/430697_382268461785172_2018319795_n-1.webp\",\"url\":\"https:\\\/\\\/runarhalonen.no\\\/wp-content\\\/uploads\\\/2019\\\/12\\\/430697_382268461785172_2018319795_n-1.webp\",\"contentUrl\":\"https:\\\/\\\/runarhalonen.no\\\/wp-content\\\/uploads\\\/2019\\\/12\\\/430697_382268461785172_2018319795_n-1.webp\",\"width\":618,\"height\":800,\"caption\":\"Runar\"},\"logo\":{\"@id\":\"https:\\\/\\\/runarhalonen.no\\\/wp-content\\\/uploads\\\/2019\\\/12\\\/430697_382268461785172_2018319795_n-1.webp\"},\"sameAs\":[\"https:\\\/\\\/runarhalonen.no\",\"https:\\\/\\\/www.facebook.com\\\/runarhalonen.healing\",\"https:\\\/\\\/www.instagram.com\\\/runarhalonen\\\/\",\"https:\\\/\\\/www.youtube.com\\\/channel\\\/UC0noDyGx10IW-GIFuLsoJZQ\"]}]}<\/script>\n<!-- \/ Yoast SEO Premium plugin. -->","yoast_head_json":{"title":"Brukervilk\u00e5r \/ Personvernerkl\u00e6ring. - Runar Halonen","robots":{"index":"index","follow":"follow","max-snippet":"max-snippet:-1","max-image-preview":"max-image-preview:large","max-video-preview":"max-video-preview:-1"},"canonical":"https:\/\/runarhalonen.no\/en\/brukervilkar-personvernerkaering\/","og_locale":"en_GB","og_type":"article","og_title":"Brukervilk\u00e5r \/ Personvernerkl\u00e6ring.","og_description":"1 Healing Room 2 Nettbutikk 3 Personvern Healing Room Healing Room Medlemskapet gjelder 1 person Innhold i Healing Room kan ikke deles med andre. Passordet&hellip;","og_url":"https:\/\/runarhalonen.no\/en\/brukervilkar-personvernerkaering\/","og_site_name":"Runar Halonen","article_publisher":"https:\/\/www.facebook.com\/runarhalonen.healing","article_modified_time":"2025-03-07T09:08:30+00:00","twitter_card":"summary_large_image","twitter_misc":{"Estimated reading time":"8 minutes"},"schema":{"@context":"https:\/\/schema.org","@graph":[{"@type":"WebPage","@id":"https:\/\/runarhalonen.no\/brukervilkar-personvernerkaering\/","url":"https:\/\/runarhalonen.no\/brukervilkar-personvernerkaering\/","name":"Brukervilk\u00e5r \/ Personvernerkl\u00e6ring. - Runar Halonen","isPartOf":{"@id":"https:\/\/runarhalonen.no\/#website"},"datePublished":"2018-11-16T13:21:32+00:00","dateModified":"2025-03-07T09:08:30+00:00","breadcrumb":{"@id":"https:\/\/runarhalonen.no\/brukervilkar-personvernerkaering\/#breadcrumb"},"inLanguage":"en-GB","potentialAction":[{"@type":"ReadAction","target":["https:\/\/runarhalonen.no\/brukervilkar-personvernerkaering\/"]}]},{"@type":"BreadcrumbList","@id":"https:\/\/runarhalonen.no\/brukervilkar-personvernerkaering\/#breadcrumb","itemListElement":[{"@type":"ListItem","position":1,"name":"Hjem","item":"https:\/\/runarhalonen.no\/"},{"@type":"ListItem","position":2,"name":"Brukervilk\u00e5r \/ Personvernerkl\u00e6ring."}]},{"@type":"WebSite","@id":"https:\/\/runarhalonen.no\/#website","url":"https:\/\/runarhalonen.no\/","name":"Runar Halonen","description":"Healing, spirituell veiledning, husrensing, sound healing, kurs, LIVE sendinger, forfatter","publisher":{"@id":"https:\/\/runarhalonen.no\/#\/schema\/person\/b5661ff91c917350053a622fca7bab2d"},"potentialAction":[{"@type":"SearchAction","target":{"@type":"EntryPoint","urlTemplate":"https:\/\/runarhalonen.no\/?s={search_term_string}"},"query-input":{"@type":"PropertyValueSpecification","valueRequired":true,"valueName":"search_term_string"}}],"inLanguage":"en-GB"},{"@type":["Person","Organization"],"@id":"https:\/\/runarhalonen.no\/#\/schema\/person\/b5661ff91c917350053a622fca7bab2d","name":"Runar","image":{"@type":"ImageObject","inLanguage":"en-GB","@id":"https:\/\/runarhalonen.no\/wp-content\/uploads\/2019\/12\/430697_382268461785172_2018319795_n-1.webp","url":"https:\/\/runarhalonen.no\/wp-content\/uploads\/2019\/12\/430697_382268461785172_2018319795_n-1.webp","contentUrl":"https:\/\/runarhalonen.no\/wp-content\/uploads\/2019\/12\/430697_382268461785172_2018319795_n-1.webp","width":618,"height":800,"caption":"Runar"},"logo":{"@id":"https:\/\/runarhalonen.no\/wp-content\/uploads\/2019\/12\/430697_382268461785172_2018319795_n-1.webp"},"sameAs":["https:\/\/runarhalonen.no","https:\/\/www.facebook.com\/runarhalonen.healing","https:\/\/www.instagram.com\/runarhalonen\/","https:\/\/www.youtube.com\/channel\/UC0noDyGx10IW-GIFuLsoJZQ"]}]}},"_links":{"self":[{"href":"https:\/\/runarhalonen.no\/en\/wp-json\/wp\/v2\/pages\/3997","targetHints":{"allow":["GET"]}}],"collection":[{"href":"https:\/\/runarhalonen.no\/en\/wp-json\/wp\/v2\/pages"}],"about":[{"href":"https:\/\/runarhalonen.no\/en\/wp-json\/wp\/v2\/types\/page"}],"author":[{"embeddable":true,"href":"https:\/\/runarhalonen.no\/en\/wp-json\/wp\/v2\/users\/90"}],"replies":[{"embeddable":true,"href":"https:\/\/runarhalonen.no\/en\/wp-json\/wp\/v2\/comments?post=3997"}],"version-history":[{"count":0,"href":"https:\/\/runarhalonen.no\/en\/wp-json\/wp\/v2\/pages\/3997\/revisions"}],"wp:attachment":[{"href":"https:\/\/runarhalonen.no\/en\/wp-json\/wp\/v2\/media?parent=3997"}],"curies":[{"name":"wp","href":"https:\/\/api.w.org\/{rel}","templated":true}]}}