{"id":29782,"date":"2026-04-06T16:26:26","date_gmt":"2026-04-06T14:26:26","guid":{"rendered":"https:\/\/runarhalonen.no\/?page_id=29782"},"modified":"2026-04-06T18:21:23","modified_gmt":"2026-04-06T16:21:23","slug":"andelig-husrens","status":"publish","type":"page","link":"https:\/\/runarhalonen.no\/en\/andelig-husrens\/","title":{"rendered":"Spiritual housecleaning"},"content":{"rendered":"<div data-elementor-type=\"wp-page\" data-elementor-id=\"29782\" class=\"elementor elementor-29782\" data-elementor-post-type=\"page\">\n\t\t\t\t\t\t<section class=\"elementor-section elementor-top-section elementor-element elementor-element-b625cfc elementor-section-stretched elementor-section-content-top elementor-section-boxed elementor-section-height-default elementor-section-height-default\" data-id=\"b625cfc\" data-element_type=\"section\" data-e-type=\"section\" data-settings=\"{&quot;stretch_section&quot;:&quot;section-stretched&quot;,&quot;background_background&quot;:&quot;classic&quot;,&quot;shape_divider_bottom&quot;:&quot;mountains&quot;}\">\n\t\t\t\t\t<div class=\"elementor-shape elementor-shape-bottom\" aria-hidden=\"true\" data-negative=\"false\">\n\t\t\t<svg xmlns=\"http:\/\/www.w3.org\/2000\/svg\" viewbox=\"0 0 1000 100\" preserveaspectratio=\"none\">\n\t<path class=\"elementor-shape-fill\" opacity=\"0.33\" d=\"M473,67.3c-203.9,88.3-263.1-34-320.3,0C66,119.1,0,59.7,0,59.7V0h1000v59.7 c0,0-62.1,26.1-94.9,29.3c-32.8,3.3-62.8-12.3-75.8-22.1C806,49.6,745.3,8.7,694.9,4.7S492.4,59,473,67.3z\"\/>\n\t<path class=\"elementor-shape-fill\" opacity=\"0.66\" d=\"M734,67.3c-45.5,0-77.2-23.2-129.1-39.1c-28.6-8.7-150.3-10.1-254,39.1 s-91.7-34.4-149.2,0C115.7,118.3,0,39.8,0,39.8V0h1000v36.5c0,0-28.2-18.5-92.1-18.5C810.2,18.1,775.7,67.3,734,67.3z\"\/>\n\t<path class=\"elementor-shape-fill\" d=\"M766.1,28.9c-200-57.5-266,65.5-395.1,19.5C242,1.8,242,5.4,184.8,20.6C128,35.8,132.3,44.9,89.9,52.5C28.6,63.7,0,0,0,0 h1000c0,0-9.9,40.9-83.6,48.1S829.6,47,766.1,28.9z\"\/>\n<\/svg>\t\t<\/div>\n\t\t\t\t\t<div class=\"elementor-container elementor-column-gap-default\">\n\t\t\t\t\t<div class=\"elementor-column elementor-col-100 elementor-top-column elementor-element elementor-element-82d78ed\" data-id=\"82d78ed\" data-element_type=\"column\" data-e-type=\"column\">\n\t\t\t<div class=\"elementor-widget-wrap elementor-element-populated\">\n\t\t\t\t\t\t<div class=\"elementor-element elementor-element-7368acc elementor-widget elementor-widget-spacer\" data-id=\"7368acc\" data-element_type=\"widget\" data-e-type=\"widget\" data-widget_type=\"spacer.default\">\n\t\t\t\t<div class=\"elementor-widget-container\">\n\t\t\t\t\t\t\t<div class=\"elementor-spacer\">\n\t\t\t<div class=\"elementor-spacer-inner\"><\/div>\n\t\t<\/div>\n\t\t\t\t\t\t<\/div>\n\t\t\t\t<\/div>\n\t\t\t\t<div class=\"elementor-element elementor-element-0bec3e1 elementor-view-default elementor-position-block-start elementor-mobile-position-block-start elementor-widget elementor-widget-icon-box\" data-id=\"0bec3e1\" data-element_type=\"widget\" data-e-type=\"widget\" data-widget_type=\"icon-box.default\">\n\t\t\t\t<div class=\"elementor-widget-container\">\n\t\t\t\t\t\t\t<div class=\"elementor-icon-box-wrapper\">\n\n\t\t\t\t\t\t<div class=\"elementor-icon-box-icon\">\n\t\t\t\t<span  class=\"elementor-icon\">\n\t\t\t\t<svg aria-hidden=\"true\" class=\"e-font-icon-svg e-fas-home\" viewbox=\"0 0 576 512\" xmlns=\"http:\/\/www.w3.org\/2000\/svg\"><path d=\"M280.37 148.26L96 300.11V464a16 16 0 0 0 16 16l112.06-.29a16 16 0 0 0 15.92-16V368a16 16 0 0 1 16-16h64a16 16 0 0 1 16 16v95.64a16 16 0 0 0 16 16.05L464 480a16 16 0 0 0 16-16V300L295.67 148.26a12.19 12.19 0 0 0-15.3 0zM571.6 251.47L488 182.56V44.05a12 12 0 0 0-12-12h-56a12 12 0 0 0-12 12v72.61L318.47 43a48 48 0 0 0-61 0L4.34 251.47a12 12 0 0 0-1.6 16.9l25.5 31A12 12 0 0 0 45.15 301l235.22-193.74a12.19 12.19 0 0 1 15.3 0L530.9 301a12 12 0 0 0 16.9-1.6l25.5-31a12 12 0 0 0-1.7-16.93z\"><\/path><\/svg>\t\t\t\t<\/span>\n\t\t\t<\/div>\n\t\t\t\n\t\t\t\t\t\t<div class=\"elementor-icon-box-content\">\n\n\t\t\t\t\t\t\t\t\t<h3 class=\"elementor-icon-box-title\">\n\t\t\t\t\t\t<span  >\n\t\t\t\t\t\t\tAre you experiencing unrest in your home? \t\t\t\t\t\t<\/span>\n\t\t\t\t\t<\/h3>\n\t\t\t\t\n\t\t\t\t\t\t\t\t\t<p class=\"elementor-icon-box-description\">\n\t\t\t\t\t\t\n\n\t\t\t\t\t<\/p>\n\t\t\t\t\n\t\t\t<\/div>\n\t\t\t\n\t\t<\/div>\n\t\t\t\t\t\t<\/div>\n\t\t\t\t<\/div>\n\t\t\t\t<div class=\"elementor-element elementor-element-df07865 elementor-widget elementor-widget-text-editor\" data-id=\"df07865\" data-element_type=\"widget\" data-e-type=\"widget\" data-widget_type=\"text-editor.default\">\n\t\t\t\t<div class=\"elementor-widget-container\">\n\t\t\t\t\t<div class=\"bb-theme-elementor-wrap bb-elementor-custom-color\">\t\t\t\t<h2 style=\"text-align: center;\"><strong>Spiritual housecleaning\u00a0<\/strong><\/h2><p style=\"text-align: center;\" data-start=\"114\" data-end=\"186\"><strong data-start=\"114\" data-end=\"186\">Are you experiencing unrest, heavy energy or something feeling strange in your home?<\/strong><\/p><p style=\"text-align: center;\" data-start=\"188\" data-end=\"314\">Spiritual house cleansing is about cleansing and balancing the energy in your home, so that it feels calmer and more comfortable to be there.<\/p><p style=\"text-align: center;\" data-start=\"316\" data-end=\"446\">This can be felt as unrest in the room, poor sleep or a general feeling of discomfort, and is related to spiritual activity in the home.<\/p><p style=\"text-align: center;\" data-start=\"448\" data-end=\"533\">The cleaning can be carried out both during home visits and remotely, and is adapted to the situation.<\/p>\t\t\t\t<\/div>\t\t\t\t<\/div>\n\t\t\t\t<\/div>\n\t\t<div class=\"elementor-element elementor-element-74cd424 e-grid e-con-full e-con e-parent\" data-id=\"74cd424\" data-element_type=\"container\" data-e-type=\"container\">\n\t\t<div class=\"elementor-element elementor-element-e5a86ce e-con-full e-flex e-con e-child\" data-id=\"e5a86ce\" data-element_type=\"container\" data-e-type=\"container\" data-settings=\"{&quot;background_background&quot;:&quot;classic&quot;}\">\n\t\t\t\t<div class=\"elementor-element elementor-element-d52216b elementor-widget elementor-widget-text-editor\" data-id=\"d52216b\" data-element_type=\"widget\" data-e-type=\"widget\" data-widget_type=\"text-editor.default\">\n\t\t\t\t<div class=\"elementor-widget-container\">\n\t\t\t\t\t<div class=\"bb-theme-elementor-wrap bb-elementor-custom-color bb-elementor-custom-family\">\t\t\t\t<div style=\"color: #ffffff; font-size: 17px; line-height: 1.7;\"><p data-start=\"169\" data-end=\"204\"><strong>Are you experiencing unrest in your home?<\/strong><\/p><p data-start=\"206\" data-end=\"375\">Do you feel a presence without seeing anyone?<br data-start=\"249\" data-end=\"252\" \/>Are you drained of energy when you walk in the door at home?<br data-start=\"309\" data-end=\"312\" \/>Do you notice smells that suddenly appear and disappear again?<\/p><p data-start=\"377\" data-end=\"484\">Do you get cold for no reason, have heart palpitations at home, or have trouble sleeping \u2013 even though you sleep well elsewhere?<\/p><p data-start=\"486\" data-end=\"646\">I can come to your home to perform house cleaning, or do it via phone call. Distance is irrelevant \u2013 the principle is the same as with distance healing.<\/p><p data-start=\"648\" data-end=\"858\">Using my psychic ability, I see what is going on in your home.<br data-start=\"716\" data-end=\"719\" \/>During the conversation, we go through the home room by room, and you move to where you experience unrest. I see what I need to see and am guided along the way.<\/p><p data-start=\"860\" data-end=\"938\">It may take a few days for the energy to calm down completely, as the process must take its course.<\/p><\/div>\t\t\t\t<\/div>\t\t\t\t<\/div>\n\t\t\t\t<\/div>\n\t\t\t\t<\/div>\n\t\t\t\t<div class=\"elementor-element elementor-element-1b24335 elementor-widget elementor-widget-price-table\" data-id=\"1b24335\" data-element_type=\"widget\" data-e-type=\"widget\" data-widget_type=\"price-table.default\">\n\t\t\t\t<div class=\"elementor-widget-container\">\n\t\t\t\t\t\n\t\t<div class=\"elementor-price-table\">\n\t\t\t\t\t\t\t<div class=\"elementor-price-table__header\">\n\t\t\t\t\t\t\t\t\t\t\t<h3 class=\"elementor-price-table__heading\">\n\t\t\t\t\t\tSpiritual housecleaning\t\t\t\t\t\t<\/h3>\n\t\t\t\t\t\n\t\t\t\t\t\t\t\t\t\t\t<span class=\"elementor-price-table__subheading\">\n\t\t\t\t\t\t\tSpiritual cleansing of energy\t\t\t\t\t\t<\/span>\n\t\t\t\t\t\t\t\t\t<\/div>\n\t\t\t\n\t\t\t<div class=\"elementor-price-table__price\">\n\t\t\t\t\t\t\t\t<span class=\"elementor-price-table__currency\">kr<\/span>\t\t\t\t\t\t\t\t\t<span class=\"elementor-price-table__integer-part\">\n\t\t\t\t\t\t2500\t\t\t\t\t<\/span>\n\t\t\t\t\n\t\t\t\t\n\t\t\t\t\n\t\t\t\t\t\t\t\t\t<span class=\"elementor-price-table__period elementor-typo-excluded\">incl. 25% VAT<\/span>\t\t\t\t\t\t\t<\/div>\n\n\t\t\t\t\t\t\t<ul class=\"elementor-price-table__features-list\">\n\t\t\t\t\t\t\t\t\t\t\t<li class=\"elementor-repeater-item-647015e\">\n\t\t\t\t\t\t\t<div class=\"elementor-price-table__feature-inner\">\n\t\t\t\t\t\t\t\t<svg aria-hidden=\"true\" class=\"e-font-icon-svg e-far-clock\" viewbox=\"0 0 512 512\" xmlns=\"http:\/\/www.w3.org\/2000\/svg\"><path d=\"M256 8C119 8 8 119 8 256s111 248 248 248 248-111 248-248S393 8 256 8zm0 448c-110.5 0-200-89.5-200-200S145.5 56 256 56s200 89.5 200 200-89.5 200-200 200zm61.8-104.4l-84.9-61.7c-3.1-2.3-4.9-5.9-4.9-9.7V116c0-6.6 5.4-12 12-12h32c6.6 0 12 5.4 12 12v141.7l66.8 48.6c5.4 3.9 6.5 11.4 2.6 16.8L334.6 349c-3.9 5.3-11.4 6.5-16.8 2.6z\"><\/path><\/svg>\t\t\t\t\t\t\t\t\t\t\t\t\t\t\t\t\t<span >\n\t\t\t\t\t\t\t\t\t\tTime will vary\t\t\t\t\t\t\t\t\t<\/span>\n\t\t\t\t\t\t\t\t\t\t\t\t\t\t\t\t<\/div>\n\t\t\t\t\t\t<\/li>\n\t\t\t\t\t\t\t\t\t\t\t<li class=\"elementor-repeater-item-b103b0c\">\n\t\t\t\t\t\t\t<div class=\"elementor-price-table__feature-inner\">\n\t\t\t\t\t\t\t\t<svg aria-hidden=\"true\" class=\"e-font-icon-svg e-fas-home\" viewbox=\"0 0 576 512\" xmlns=\"http:\/\/www.w3.org\/2000\/svg\"><path d=\"M280.37 148.26L96 300.11V464a16 16 0 0 0 16 16l112.06-.29a16 16 0 0 0 15.92-16V368a16 16 0 0 1 16-16h64a16 16 0 0 1 16 16v95.64a16 16 0 0 0 16 16.05L464 480a16 16 0 0 0 16-16V300L295.67 148.26a12.19 12.19 0 0 0-15.3 0zM571.6 251.47L488 182.56V44.05a12 12 0 0 0-12-12h-56a12 12 0 0 0-12 12v72.61L318.47 43a48 48 0 0 0-61 0L4.34 251.47a12 12 0 0 0-1.6 16.9l25.5 31A12 12 0 0 0 45.15 301l235.22-193.74a12.19 12.19 0 0 1 15.3 0L530.9 301a12 12 0 0 0 16.9-1.6l25.5-31a12 12 0 0 0-1.7-16.93z\"><\/path><\/svg>\t\t\t\t\t\t\t\t\t\t\t\t\t\t\t\t\t<span >\n\t\t\t\t\t\t\t\t\t\tPhone call or home visit\t\t\t\t\t\t\t\t\t<\/span>\n\t\t\t\t\t\t\t\t\t\t\t\t\t\t\t\t<\/div>\n\t\t\t\t\t\t<\/li>\n\t\t\t\t\t\t\t\t\t\t\t<li class=\"elementor-repeater-item-75865e4\">\n\t\t\t\t\t\t\t<div class=\"elementor-price-table__feature-inner\">\n\t\t\t\t\t\t\t\t<svg aria-hidden=\"true\" class=\"e-font-icon-svg e-fas-user\" viewbox=\"0 0 448 512\" xmlns=\"http:\/\/www.w3.org\/2000\/svg\"><path d=\"M224 256c70.7 0 128-57.3 128-128S294.7 0 224 0 96 57.3 96 128s57.3 128 128 128zm89.6 32h-16.7c-22.2 10.2-46.9 16-72.9 16s-50.6-5.8-72.9-16h-16.7C60.2 288 0 348.2 0 422.4V464c0 26.5 21.5 48 48 48h352c26.5 0 48-21.5 48-48v-41.6c0-74.2-60.2-134.4-134.4-134.4z\"><\/path><\/svg>\t\t\t\t\t\t\t\t\t\t\t\t\t\t\t\t\t<span >\n\t\t\t\t\t\t\t\t\t\tAdapted to you and your situation\t\t\t\t\t\t\t\t\t<\/span>\n\t\t\t\t\t\t\t\t\t\t\t\t\t\t\t\t<\/div>\n\t\t\t\t\t\t<\/li>\n\t\t\t\t\t\t\t\t\t<\/ul>\n\t\t\t\n\t\t\t\t\t\t\t<div class=\"elementor-price-table__footer\">\n\t\t\t\t\t\t\t\t\t\t\t<a class=\"elementor-price-table__button elementor-button elementor-size-md\" href=\"https:\/\/runarhalonen.no\/en\/kontakt\/\">\n\t\t\t\t\t\t\tBook an appointment\t\t\t\t\t\t<\/a>\n\t\t\t\t\t\n\t\t\t\t\t\t\t\t\t\t\t<div class=\"elementor-price-table__additional_info\">\n\t\t\t\t\t\t\tPhone call NOK 2500,- Home visit NOK 5000,- If necessary, I will follow up with a phone call within 3 weeks after the cleaning - this is included in the price. In most cases, one house cleaning is sufficient. However, some homes may need follow-up to achieve complete peace and balance. Further follow-up at a later date via phone call costs NOK 1250,- per visit. In rare cases, the unrest may persist, and therefore I cannot give any guarantee of the result.\t\t\t\t\t\t<\/div>\n\t\t\t\t\t\t\t\t\t<\/div>\n\t\t\t\t\t<\/div>\n\n\t\t\t\t\t\t<\/div>\n\t\t\t\t<\/div>\n\t\t\t\t<\/div>\n\t\t\t\t<div class=\"elementor-element elementor-element-9fc78ee elementor-widget elementor-widget-spacer\" data-id=\"9fc78ee\" data-element_type=\"widget\" data-e-type=\"widget\" data-widget_type=\"spacer.default\">\n\t\t\t\t<div class=\"elementor-widget-container\">\n\t\t\t\t\t\t\t<div class=\"elementor-spacer\">\n\t\t\t<div class=\"elementor-spacer-inner\"><\/div>\n\t\t<\/div>\n\t\t\t\t\t\t<\/div>\n\t\t\t\t<\/div>\n\t\t\t\t\t<\/div>\n\t\t<\/div>\n\t\t\t\t\t<\/div>\n\t\t<\/section>\n\t\t\t\t<\/div>","protected":false},"excerpt":{"rendered":"<p>&nbsp; Opplever du uro i hjemmet ditt? \u00c5ndelig husrens\u00a0 Opplever du uro, tung energi eller at noe f\u00f8les rart i hjemmet ditt? \u00c5ndelig husrens handler&hellip;<\/p>","protected":false},"author":90,"featured_media":28100,"parent":0,"menu_order":0,"comment_status":"closed","ping_status":"closed","template":"elementor_header_footer","meta":{"pmpro_default_level":"","footnotes":""},"class_list":["post-29782","page","type-page","status-publish","has-post-thumbnail","hentry","pmpro-has-access"],"yoast_head":"<!-- This site is optimized with the Yoast SEO Premium plugin v27.3 (Yoast SEO v27.4) - https:\/\/yoast.com\/product\/yoast-seo-premium-wordpress\/ -->\n<title>\u00c5ndelig husrens av bolig \u2013 ved \u00e5ndelig aktivitet | Runar Halonen<\/title>\n<meta name=\"description\" content=\"Opplever du \u00e5ndelig aktivitet i hjemmet ditt? Jeg tilbyr \u00e5ndelig husrens for \u00e5 rense og balansere energien. Hjemmebes\u00f8k eller p\u00e5 avstand\" \/>\n<meta name=\"robots\" content=\"index, follow, max-snippet:-1, max-image-preview:large, max-video-preview:-1\" \/>\n<link rel=\"canonical\" href=\"https:\/\/runarhalonen.no\/en\/andelig-husrens\/\" \/>\n<meta property=\"og:locale\" content=\"en_GB\" \/>\n<meta property=\"og:type\" content=\"article\" \/>\n<meta property=\"og:title\" content=\"\u00c5ndelig husrens av bolig \u2013 ved \u00e5ndelig aktivitet | Runar Halonen\" \/>\n<meta property=\"og:description\" content=\"Opplever du \u00e5ndelig aktivitet i hjemmet ditt? Jeg tilbyr \u00e5ndelig husrens for \u00e5 rense og balansere energien. Hjemmebes\u00f8k eller p\u00e5 avstand.\" \/>\n<meta property=\"og:url\" content=\"https:\/\/runarhalonen.no\/en\/andelig-husrens\/\" \/>\n<meta property=\"og:site_name\" content=\"Runar Halonen\" \/>\n<meta property=\"article:publisher\" content=\"https:\/\/www.facebook.com\/runarhalonen.healing\" \/>\n<meta property=\"article:modified_time\" content=\"2026-04-06T16:21:23+00:00\" \/>\n<meta property=\"og:image\" content=\"https:\/\/runarhalonen.no\/wp-content\/uploads\/2025\/12\/Healingroom_forum.jpg\" \/>\n\t<meta property=\"og:image:width\" content=\"1080\" \/>\n\t<meta property=\"og:image:height\" content=\"612\" \/>\n\t<meta property=\"og:image:type\" content=\"image\/jpeg\" \/>\n<meta name=\"twitter:card\" content=\"summary_large_image\" \/>\n<meta name=\"twitter:title\" content=\"\u00c5ndelig husrens\" \/>\n<meta name=\"twitter:label1\" content=\"Estimated reading time\" \/>\n\t<meta name=\"twitter:data1\" content=\"2 minutes\" \/>\n<script type=\"application\/ld+json\" class=\"yoast-schema-graph\">{\"@context\":\"https:\\\/\\\/schema.org\",\"@graph\":[{\"@type\":\"WebPage\",\"@id\":\"https:\\\/\\\/runarhalonen.no\\\/andelig-husrens\\\/\",\"url\":\"https:\\\/\\\/runarhalonen.no\\\/andelig-husrens\\\/\",\"name\":\"\u00c5ndelig husrens av bolig \u2013 ved \u00e5ndelig aktivitet | Runar Halonen\",\"isPartOf\":{\"@id\":\"https:\\\/\\\/runarhalonen.no\\\/#website\"},\"primaryImageOfPage\":{\"@id\":\"https:\\\/\\\/runarhalonen.no\\\/andelig-husrens\\\/#primaryimage\"},\"image\":{\"@id\":\"https:\\\/\\\/runarhalonen.no\\\/andelig-husrens\\\/#primaryimage\"},\"thumbnailUrl\":\"https:\\\/\\\/runarhalonen.no\\\/wp-content\\\/uploads\\\/2025\\\/12\\\/Healingroom_forum.jpg\",\"datePublished\":\"2026-04-06T14:26:26+00:00\",\"dateModified\":\"2026-04-06T16:21:23+00:00\",\"description\":\"Opplever du \u00e5ndelig aktivitet i hjemmet ditt? Jeg tilbyr \u00e5ndelig husrens for \u00e5 rense og balansere energien. Hjemmebes\u00f8k eller p\u00e5 avstand\",\"breadcrumb\":{\"@id\":\"https:\\\/\\\/runarhalonen.no\\\/andelig-husrens\\\/#breadcrumb\"},\"inLanguage\":\"en-GB\",\"potentialAction\":[{\"@type\":\"ReadAction\",\"target\":[\"https:\\\/\\\/runarhalonen.no\\\/andelig-husrens\\\/\"]}]},{\"@type\":\"ImageObject\",\"inLanguage\":\"en-GB\",\"@id\":\"https:\\\/\\\/runarhalonen.no\\\/andelig-husrens\\\/#primaryimage\",\"url\":\"https:\\\/\\\/runarhalonen.no\\\/wp-content\\\/uploads\\\/2025\\\/12\\\/Healingroom_forum.jpg\",\"contentUrl\":\"https:\\\/\\\/runarhalonen.no\\\/wp-content\\\/uploads\\\/2025\\\/12\\\/Healingroom_forum.jpg\",\"width\":1080,\"height\":612},{\"@type\":\"BreadcrumbList\",\"@id\":\"https:\\\/\\\/runarhalonen.no\\\/andelig-husrens\\\/#breadcrumb\",\"itemListElement\":[{\"@type\":\"ListItem\",\"position\":1,\"name\":\"Hjem\",\"item\":\"https:\\\/\\\/runarhalonen.no\\\/\"},{\"@type\":\"ListItem\",\"position\":2,\"name\":\"\u00c5ndelig husrens\"}]},{\"@type\":\"WebSite\",\"@id\":\"https:\\\/\\\/runarhalonen.no\\\/#website\",\"url\":\"https:\\\/\\\/runarhalonen.no\\\/\",\"name\":\"Runar Halonen\",\"description\":\"Healing, spirituell veiledning, husrensing, sound healing, kurs, LIVE sendinger, forfatter\",\"publisher\":{\"@id\":\"https:\\\/\\\/runarhalonen.no\\\/#\\\/schema\\\/person\\\/b5661ff91c917350053a622fca7bab2d\"},\"potentialAction\":[{\"@type\":\"SearchAction\",\"target\":{\"@type\":\"EntryPoint\",\"urlTemplate\":\"https:\\\/\\\/runarhalonen.no\\\/?s={search_term_string}\"},\"query-input\":{\"@type\":\"PropertyValueSpecification\",\"valueRequired\":true,\"valueName\":\"search_term_string\"}}],\"inLanguage\":\"en-GB\"},{\"@type\":[\"Person\",\"Organization\"],\"@id\":\"https:\\\/\\\/runarhalonen.no\\\/#\\\/schema\\\/person\\\/b5661ff91c917350053a622fca7bab2d\",\"name\":\"Runar\",\"image\":{\"@type\":\"ImageObject\",\"inLanguage\":\"en-GB\",\"@id\":\"https:\\\/\\\/runarhalonen.no\\\/wp-content\\\/uploads\\\/2019\\\/12\\\/430697_382268461785172_2018319795_n-1.webp\",\"url\":\"https:\\\/\\\/runarhalonen.no\\\/wp-content\\\/uploads\\\/2019\\\/12\\\/430697_382268461785172_2018319795_n-1.webp\",\"contentUrl\":\"https:\\\/\\\/runarhalonen.no\\\/wp-content\\\/uploads\\\/2019\\\/12\\\/430697_382268461785172_2018319795_n-1.webp\",\"width\":618,\"height\":800,\"caption\":\"Runar\"},\"logo\":{\"@id\":\"https:\\\/\\\/runarhalonen.no\\\/wp-content\\\/uploads\\\/2019\\\/12\\\/430697_382268461785172_2018319795_n-1.webp\"},\"sameAs\":[\"https:\\\/\\\/runarhalonen.no\",\"https:\\\/\\\/www.facebook.com\\\/runarhalonen.healing\",\"https:\\\/\\\/www.instagram.com\\\/runarhalonen\\\/\",\"https:\\\/\\\/www.youtube.com\\\/channel\\\/UC0noDyGx10IW-GIFuLsoJZQ\"]}]}<\/script>\n<!-- \/ Yoast SEO Premium plugin. -->","yoast_head_json":{"title":"\u00c5ndelig husrens av bolig \u2013 ved \u00e5ndelig aktivitet | Runar Halonen","description":"Opplever du \u00e5ndelig aktivitet i hjemmet ditt? Jeg tilbyr \u00e5ndelig husrens for \u00e5 rense og balansere energien. Hjemmebes\u00f8k eller p\u00e5 avstand","robots":{"index":"index","follow":"follow","max-snippet":"max-snippet:-1","max-image-preview":"max-image-preview:large","max-video-preview":"max-video-preview:-1"},"canonical":"https:\/\/runarhalonen.no\/en\/andelig-husrens\/","og_locale":"en_GB","og_type":"article","og_title":"\u00c5ndelig husrens av bolig \u2013 ved \u00e5ndelig aktivitet | Runar Halonen","og_description":"Opplever du \u00e5ndelig aktivitet i hjemmet ditt? Jeg tilbyr \u00e5ndelig husrens for \u00e5 rense og balansere energien. Hjemmebes\u00f8k eller p\u00e5 avstand.","og_url":"https:\/\/runarhalonen.no\/en\/andelig-husrens\/","og_site_name":"Runar Halonen","article_publisher":"https:\/\/www.facebook.com\/runarhalonen.healing","article_modified_time":"2026-04-06T16:21:23+00:00","og_image":[{"width":1080,"height":612,"url":"https:\/\/runarhalonen.no\/wp-content\/uploads\/2025\/12\/Healingroom_forum.jpg","type":"image\/jpeg"}],"twitter_card":"summary_large_image","twitter_title":"\u00c5ndelig husrens","twitter_misc":{"Estimated reading time":"2 minutes"},"schema":{"@context":"https:\/\/schema.org","@graph":[{"@type":"WebPage","@id":"https:\/\/runarhalonen.no\/andelig-husrens\/","url":"https:\/\/runarhalonen.no\/andelig-husrens\/","name":"\u00c5ndelig husrens av bolig \u2013 ved \u00e5ndelig aktivitet | Runar Halonen","isPartOf":{"@id":"https:\/\/runarhalonen.no\/#website"},"primaryImageOfPage":{"@id":"https:\/\/runarhalonen.no\/andelig-husrens\/#primaryimage"},"image":{"@id":"https:\/\/runarhalonen.no\/andelig-husrens\/#primaryimage"},"thumbnailUrl":"https:\/\/runarhalonen.no\/wp-content\/uploads\/2025\/12\/Healingroom_forum.jpg","datePublished":"2026-04-06T14:26:26+00:00","dateModified":"2026-04-06T16:21:23+00:00","description":"Opplever du \u00e5ndelig aktivitet i hjemmet ditt? Jeg tilbyr \u00e5ndelig husrens for \u00e5 rense og balansere energien. Hjemmebes\u00f8k eller p\u00e5 avstand","breadcrumb":{"@id":"https:\/\/runarhalonen.no\/andelig-husrens\/#breadcrumb"},"inLanguage":"en-GB","potentialAction":[{"@type":"ReadAction","target":["https:\/\/runarhalonen.no\/andelig-husrens\/"]}]},{"@type":"ImageObject","inLanguage":"en-GB","@id":"https:\/\/runarhalonen.no\/andelig-husrens\/#primaryimage","url":"https:\/\/runarhalonen.no\/wp-content\/uploads\/2025\/12\/Healingroom_forum.jpg","contentUrl":"https:\/\/runarhalonen.no\/wp-content\/uploads\/2025\/12\/Healingroom_forum.jpg","width":1080,"height":612},{"@type":"BreadcrumbList","@id":"https:\/\/runarhalonen.no\/andelig-husrens\/#breadcrumb","itemListElement":[{"@type":"ListItem","position":1,"name":"Hjem","item":"https:\/\/runarhalonen.no\/"},{"@type":"ListItem","position":2,"name":"\u00c5ndelig husrens"}]},{"@type":"WebSite","@id":"https:\/\/runarhalonen.no\/#website","url":"https:\/\/runarhalonen.no\/","name":"Runar Halonen","description":"Healing, spirituell veiledning, husrensing, sound healing, kurs, LIVE sendinger, forfatter","publisher":{"@id":"https:\/\/runarhalonen.no\/#\/schema\/person\/b5661ff91c917350053a622fca7bab2d"},"potentialAction":[{"@type":"SearchAction","target":{"@type":"EntryPoint","urlTemplate":"https:\/\/runarhalonen.no\/?s={search_term_string}"},"query-input":{"@type":"PropertyValueSpecification","valueRequired":true,"valueName":"search_term_string"}}],"inLanguage":"en-GB"},{"@type":["Person","Organization"],"@id":"https:\/\/runarhalonen.no\/#\/schema\/person\/b5661ff91c917350053a622fca7bab2d","name":"Runar","image":{"@type":"ImageObject","inLanguage":"en-GB","@id":"https:\/\/runarhalonen.no\/wp-content\/uploads\/2019\/12\/430697_382268461785172_2018319795_n-1.webp","url":"https:\/\/runarhalonen.no\/wp-content\/uploads\/2019\/12\/430697_382268461785172_2018319795_n-1.webp","contentUrl":"https:\/\/runarhalonen.no\/wp-content\/uploads\/2019\/12\/430697_382268461785172_2018319795_n-1.webp","width":618,"height":800,"caption":"Runar"},"logo":{"@id":"https:\/\/runarhalonen.no\/wp-content\/uploads\/2019\/12\/430697_382268461785172_2018319795_n-1.webp"},"sameAs":["https:\/\/runarhalonen.no","https:\/\/www.facebook.com\/runarhalonen.healing","https:\/\/www.instagram.com\/runarhalonen\/","https:\/\/www.youtube.com\/channel\/UC0noDyGx10IW-GIFuLsoJZQ"]}]}},"_links":{"self":[{"href":"https:\/\/runarhalonen.no\/en\/wp-json\/wp\/v2\/pages\/29782","targetHints":{"allow":["GET"]}}],"collection":[{"href":"https:\/\/runarhalonen.no\/en\/wp-json\/wp\/v2\/pages"}],"about":[{"href":"https:\/\/runarhalonen.no\/en\/wp-json\/wp\/v2\/types\/page"}],"author":[{"embeddable":true,"href":"https:\/\/runarhalonen.no\/en\/wp-json\/wp\/v2\/users\/90"}],"replies":[{"embeddable":true,"href":"https:\/\/runarhalonen.no\/en\/wp-json\/wp\/v2\/comments?post=29782"}],"version-history":[{"count":55,"href":"https:\/\/runarhalonen.no\/en\/wp-json\/wp\/v2\/pages\/29782\/revisions"}],"predecessor-version":[{"id":29886,"href":"https:\/\/runarhalonen.no\/en\/wp-json\/wp\/v2\/pages\/29782\/revisions\/29886"}],"wp:featuredmedia":[{"embeddable":true,"href":"https:\/\/runarhalonen.no\/en\/wp-json\/wp\/v2\/media\/28100"}],"wp:attachment":[{"href":"https:\/\/runarhalonen.no\/en\/wp-json\/wp\/v2\/media?parent=29782"}],"curies":[{"name":"wp","href":"https:\/\/api.w.org\/{rel}","templated":true}]}}