{"id":19857,"date":"2023-06-20T14:32:16","date_gmt":"2023-06-20T12:32:16","guid":{"rendered":"https:\/\/runarhalonen.no\/newsletter\/"},"modified":"2026-03-14T17:20:48","modified_gmt":"2026-03-14T16:20:48","slug":"newsletter-2","status":"publish","type":"page","link":"https:\/\/runarhalonen.no\/en\/newsletter-2\/","title":{"rendered":"Newsletter"},"content":{"rendered":"<div data-elementor-type=\"wp-page\" data-elementor-id=\"19857\" class=\"elementor elementor-19857\" data-elementor-post-type=\"page\">\n\t\t\t\t<div class=\"elementor-element elementor-element-6de541ad e-flex e-con-boxed e-con e-parent\" data-id=\"6de541ad\" data-element_type=\"container\" data-e-type=\"container\">\n\t\t\t\t\t<div class=\"e-con-inner\">\n\t\t\t\t<div class=\"elementor-element elementor-element-4690e7ca elementor-widget__width-inherit elementor-widget elementor-widget-text-editor\" data-id=\"4690e7ca\" data-element_type=\"widget\" data-e-type=\"widget\" data-widget_type=\"text-editor.default\">\n\t\t\t\t<div class=\"elementor-widget-container\">\n\t\t\t\t\t\t\t\t\t<p><style>\n.hr-thankyou {<br \/>\nbackground:#faf8fc;<br \/>\npadding:70px 20px;<br \/>\ntext-align:center;<br \/>\n}<\/p>\n<p>.hr-box {<br \/>\nmax-width:720px;<br \/>\nmargin:auto;<br \/>\nbackground:#ffffff;<br \/>\nborder-radius:22px;<br \/>\npadding:40px 34px;<br \/>\nbox-shadow:0 14px 35px rgba(0,0,0,0.06);<br \/>\nborder:1px solid #e3dff3;<br \/>\n}<\/p>\n<p>.hr-box h1{<br \/>\nfont-size:2.3rem;<br \/>\nmargin-bottom:16px;<br \/>\ncolor:#1f2140;<br \/>\nfont-weight:600;<br \/>\n}<\/p>\n<p>.hr-box p{<br \/>\nfont-size:1.05rem;<br \/>\ncolor:#55576b;<br \/>\nline-height:1.8;<br \/>\nmargin-bottom:18px;<br \/>\n}<\/p>\n<p>.hr-list{<br \/>\nlist-style:none;<br \/>\npadding:0;<br \/>\nmargin:20px 0;<br \/>\nline-height:1.9;<br \/>\nfont-size:1.02rem;<br \/>\ncolor:#55576b;<br \/>\n}<\/p>\n<p>.hr-small{<br \/>\nfont-size:0.95rem;<br \/>\ncolor:#777;<br \/>\nmargin-top:14px;<br \/>\n}<br \/>\n<\/style><\/p><section class=\"hr-thankyou\"><div class=\"hr-box\"><h1>Velkommen \ud83d\udcab<\/h1><p>Takk for at du meldte deg p\u00e5 nyhetsbrevet fra <strong>Healing Room<\/strong>.<br \/>Du vil n\u00e5 motta e-poster med inspirasjon, healing og informasjon om nye LIVE-sendinger.<\/p><ul class=\"hr-list\"><li>\u2728 Free LIVE healing and meditation<\/li><li>\u2728 Nye kurs og arrangementer<\/li><li>\u2728 Ny musikk og innhold i Healing Room<\/li><\/ul><p>Jeg gleder meg til \u00e5 dele dette med deg \ud83c\udf3f<\/p><p class=\"hr-small\">Du kan n\u00e5r som helst melde deg av igjen med ett klikk.<\/p><p>\u00a0<\/p><p><p><div class=\"tnp tnp-subscription\">\n<form method=\"post\" action=\"https:\/\/runarhalonen.no\/wp-admin\/admin-ajax.php?action=tnp&amp;na=s\">\n<input type=\"hidden\" name=\"nlang\" value=\"\">\n<div class=\"tnp-field tnp-field-firstname\"><label for=\"tnp-1\">First name<\/label>\n<input class=\"tnp-name\" type=\"text\" name=\"nn\" id=\"tnp-1\" value=\"\" placeholder=\"\" required><\/div>\n<div class=\"tnp-field tnp-field-surname\"><label for=\"tnp-2\">Last name<\/label>\n<input class=\"tnp-surname\" type=\"text\" name=\"ns\" id=\"tnp-2\" value=\"\" placeholder=\"\" required><\/div><div class=\"tnp-field tnp-field-email\"><label for=\"tnp-3\">Email<\/label>\n<input class=\"tnp-email\" type=\"email\" name=\"ne\" id=\"tnp-3\" value=\"\" placeholder=\"\" required><\/div>\n<div class=\"tnp-field tnp-privacy-field\"><label><input type=\"checkbox\" name=\"ny\" required class=\"tnp-privacy\"> I accept the privacy policy<\/label><\/div><div class=\"tnp-field tnp-field-button\" style=\"text-align: left\"><input class=\"tnp-submit\" type=\"submit\" value=\"Subscribe\" style=\"\">\n<\/div>\n<\/form>\n<\/div>\n<\/p><\/p><\/div><\/section>\t\t\t\t\t\t\t\t<\/div>\n\t\t\t\t<\/div>\n\t\t\t\t\t<\/div>\n\t\t\t\t<\/div>\n\t\t<div class=\"elementor-element elementor-element-f9f9622 e-flex e-con-boxed e-con e-parent\" data-id=\"f9f9622\" data-element_type=\"container\" data-e-type=\"container\">\n\t\t\t\t\t<div class=\"e-con-inner\">\n\t\t\t\t\t<\/div>\n\t\t\t\t<\/div>\n\t\t\t\t<\/div>","protected":false},"excerpt":{"rendered":"<p>Velkommen \ud83d\udcab Takk for at du meldte deg p\u00e5 nyhetsbrevet fra Healing Room.Du vil n\u00e5 motta e-poster med inspirasjon, healing og informasjon om nye LIVE-sendinger.&hellip;<\/p>","protected":false},"author":90,"featured_media":0,"parent":0,"menu_order":0,"comment_status":"closed","ping_status":"closed","template":"","meta":{"pmpro_default_level":"","footnotes":""},"class_list":["post-19857","page","type-page","status-publish","hentry","pmpro-has-access"],"yoast_head":"<!-- This site is optimized with the Yoast SEO Premium plugin v27.4 (Yoast SEO v27.4) - https:\/\/yoast.com\/product\/yoast-seo-premium-wordpress\/ -->\n<title>Newsletter - Runar Halonen<\/title>\n<meta name=\"robots\" content=\"index, follow, max-snippet:-1, max-image-preview:large, max-video-preview:-1\" \/>\n<link rel=\"canonical\" href=\"https:\/\/runarhalonen.no\/en\/newsletter-2\/\" \/>\n<meta property=\"og:locale\" content=\"en_GB\" \/>\n<meta property=\"og:type\" content=\"article\" \/>\n<meta property=\"og:title\" content=\"Newsletter - Runar Halonen\" \/>\n<meta property=\"og:description\" content=\"F\u00e5 varsler om gratis LIVE healing, nye leksjoner og spirituelle p\u00e5minnelser rett i innboksen. Meld deg p\u00e5 nyhetsbrevet for ro, inspirasjon og oppdateringer fra Healing Room.\" \/>\n<meta property=\"og:url\" content=\"https:\/\/runarhalonen.no\/en\/newsletter-2\/\" \/>\n<meta property=\"og:site_name\" content=\"Runar Halonen\" \/>\n<meta property=\"article:publisher\" content=\"https:\/\/www.facebook.com\/runarhalonen.healing\" \/>\n<meta property=\"article:modified_time\" content=\"2026-03-14T16:20:48+00:00\" \/>\n<meta property=\"og:image\" content=\"https:\/\/runarhalonen.no\/wp-content\/uploads\/2025\/03\/Healingroom_forum-1.webp\" \/>\n\t<meta property=\"og:image:width\" content=\"1080\" \/>\n\t<meta property=\"og:image:height\" content=\"612\" \/>\n\t<meta property=\"og:image:type\" content=\"image\/jpeg\" \/>\n<meta name=\"twitter:card\" content=\"summary_large_image\" \/>\n<meta name=\"twitter:title\" content=\"Newsletter\" \/>\n<meta name=\"twitter:label1\" content=\"Estimated reading time\" \/>\n\t<meta name=\"twitter:data1\" content=\"2 minutes\" \/>\n<script type=\"application\/ld+json\" class=\"yoast-schema-graph\">{\"@context\":\"https:\\\/\\\/schema.org\",\"@graph\":[{\"@type\":\"WebPage\",\"@id\":\"https:\\\/\\\/runarhalonen.no\\\/newsletter-2\\\/\",\"url\":\"https:\\\/\\\/runarhalonen.no\\\/newsletter-2\\\/\",\"name\":\"Newsletter - Runar Halonen\",\"isPartOf\":{\"@id\":\"https:\\\/\\\/runarhalonen.no\\\/#website\"},\"datePublished\":\"2023-06-20T12:32:16+00:00\",\"dateModified\":\"2026-03-14T16:20:48+00:00\",\"breadcrumb\":{\"@id\":\"https:\\\/\\\/runarhalonen.no\\\/newsletter-2\\\/#breadcrumb\"},\"inLanguage\":\"en-GB\",\"potentialAction\":[{\"@type\":\"ReadAction\",\"target\":[\"https:\\\/\\\/runarhalonen.no\\\/newsletter-2\\\/\"]}]},{\"@type\":\"BreadcrumbList\",\"@id\":\"https:\\\/\\\/runarhalonen.no\\\/newsletter-2\\\/#breadcrumb\",\"itemListElement\":[{\"@type\":\"ListItem\",\"position\":1,\"name\":\"Hjem\",\"item\":\"https:\\\/\\\/runarhalonen.no\\\/\"},{\"@type\":\"ListItem\",\"position\":2,\"name\":\"Newsletter\"}]},{\"@type\":\"WebSite\",\"@id\":\"https:\\\/\\\/runarhalonen.no\\\/#website\",\"url\":\"https:\\\/\\\/runarhalonen.no\\\/\",\"name\":\"Runar Halonen\",\"description\":\"Healing, spirituell veiledning, husrensing, sound healing, kurs, LIVE sendinger, forfatter\",\"publisher\":{\"@id\":\"https:\\\/\\\/runarhalonen.no\\\/#\\\/schema\\\/person\\\/b5661ff91c917350053a622fca7bab2d\"},\"potentialAction\":[{\"@type\":\"SearchAction\",\"target\":{\"@type\":\"EntryPoint\",\"urlTemplate\":\"https:\\\/\\\/runarhalonen.no\\\/?s={search_term_string}\"},\"query-input\":{\"@type\":\"PropertyValueSpecification\",\"valueRequired\":true,\"valueName\":\"search_term_string\"}}],\"inLanguage\":\"en-GB\"},{\"@type\":[\"Person\",\"Organization\"],\"@id\":\"https:\\\/\\\/runarhalonen.no\\\/#\\\/schema\\\/person\\\/b5661ff91c917350053a622fca7bab2d\",\"name\":\"Runar\",\"image\":{\"@type\":\"ImageObject\",\"inLanguage\":\"en-GB\",\"@id\":\"https:\\\/\\\/runarhalonen.no\\\/wp-content\\\/uploads\\\/2019\\\/12\\\/430697_382268461785172_2018319795_n-1.webp\",\"url\":\"https:\\\/\\\/runarhalonen.no\\\/wp-content\\\/uploads\\\/2019\\\/12\\\/430697_382268461785172_2018319795_n-1.webp\",\"contentUrl\":\"https:\\\/\\\/runarhalonen.no\\\/wp-content\\\/uploads\\\/2019\\\/12\\\/430697_382268461785172_2018319795_n-1.webp\",\"width\":618,\"height\":800,\"caption\":\"Runar\"},\"logo\":{\"@id\":\"https:\\\/\\\/runarhalonen.no\\\/wp-content\\\/uploads\\\/2019\\\/12\\\/430697_382268461785172_2018319795_n-1.webp\"},\"sameAs\":[\"https:\\\/\\\/runarhalonen.no\",\"https:\\\/\\\/www.facebook.com\\\/runarhalonen.healing\",\"https:\\\/\\\/www.instagram.com\\\/runarhalonen\\\/\",\"https:\\\/\\\/www.youtube.com\\\/channel\\\/UC0noDyGx10IW-GIFuLsoJZQ\"]}]}<\/script>\n<!-- \/ Yoast SEO Premium plugin. -->","yoast_head_json":{"title":"Newsletter - Runar Halonen","robots":{"index":"index","follow":"follow","max-snippet":"max-snippet:-1","max-image-preview":"max-image-preview:large","max-video-preview":"max-video-preview:-1"},"canonical":"https:\/\/runarhalonen.no\/en\/newsletter-2\/","og_locale":"en_GB","og_type":"article","og_title":"Newsletter - Runar Halonen","og_description":"F\u00e5 varsler om gratis LIVE healing, nye leksjoner og spirituelle p\u00e5minnelser rett i innboksen. Meld deg p\u00e5 nyhetsbrevet for ro, inspirasjon og oppdateringer fra Healing Room.","og_url":"https:\/\/runarhalonen.no\/en\/newsletter-2\/","og_site_name":"Runar Halonen","article_publisher":"https:\/\/www.facebook.com\/runarhalonen.healing","article_modified_time":"2026-03-14T16:20:48+00:00","og_image":[{"width":1080,"height":612,"url":"https:\/\/runarhalonen.no\/wp-content\/uploads\/2025\/03\/Healingroom_forum-1.webp","type":"image\/jpeg"}],"twitter_card":"summary_large_image","twitter_title":"Newsletter","twitter_misc":{"Estimated reading time":"2 minutes"},"schema":{"@context":"https:\/\/schema.org","@graph":[{"@type":"WebPage","@id":"https:\/\/runarhalonen.no\/newsletter-2\/","url":"https:\/\/runarhalonen.no\/newsletter-2\/","name":"Newsletter - Runar Halonen","isPartOf":{"@id":"https:\/\/runarhalonen.no\/#website"},"datePublished":"2023-06-20T12:32:16+00:00","dateModified":"2026-03-14T16:20:48+00:00","breadcrumb":{"@id":"https:\/\/runarhalonen.no\/newsletter-2\/#breadcrumb"},"inLanguage":"en-GB","potentialAction":[{"@type":"ReadAction","target":["https:\/\/runarhalonen.no\/newsletter-2\/"]}]},{"@type":"BreadcrumbList","@id":"https:\/\/runarhalonen.no\/newsletter-2\/#breadcrumb","itemListElement":[{"@type":"ListItem","position":1,"name":"Hjem","item":"https:\/\/runarhalonen.no\/"},{"@type":"ListItem","position":2,"name":"Newsletter"}]},{"@type":"WebSite","@id":"https:\/\/runarhalonen.no\/#website","url":"https:\/\/runarhalonen.no\/","name":"Runar Halonen","description":"Healing, spirituell veiledning, husrensing, sound healing, kurs, LIVE sendinger, forfatter","publisher":{"@id":"https:\/\/runarhalonen.no\/#\/schema\/person\/b5661ff91c917350053a622fca7bab2d"},"potentialAction":[{"@type":"SearchAction","target":{"@type":"EntryPoint","urlTemplate":"https:\/\/runarhalonen.no\/?s={search_term_string}"},"query-input":{"@type":"PropertyValueSpecification","valueRequired":true,"valueName":"search_term_string"}}],"inLanguage":"en-GB"},{"@type":["Person","Organization"],"@id":"https:\/\/runarhalonen.no\/#\/schema\/person\/b5661ff91c917350053a622fca7bab2d","name":"Runar","image":{"@type":"ImageObject","inLanguage":"en-GB","@id":"https:\/\/runarhalonen.no\/wp-content\/uploads\/2019\/12\/430697_382268461785172_2018319795_n-1.webp","url":"https:\/\/runarhalonen.no\/wp-content\/uploads\/2019\/12\/430697_382268461785172_2018319795_n-1.webp","contentUrl":"https:\/\/runarhalonen.no\/wp-content\/uploads\/2019\/12\/430697_382268461785172_2018319795_n-1.webp","width":618,"height":800,"caption":"Runar"},"logo":{"@id":"https:\/\/runarhalonen.no\/wp-content\/uploads\/2019\/12\/430697_382268461785172_2018319795_n-1.webp"},"sameAs":["https:\/\/runarhalonen.no","https:\/\/www.facebook.com\/runarhalonen.healing","https:\/\/www.instagram.com\/runarhalonen\/","https:\/\/www.youtube.com\/channel\/UC0noDyGx10IW-GIFuLsoJZQ"]}]}},"_links":{"self":[{"href":"https:\/\/runarhalonen.no\/en\/wp-json\/wp\/v2\/pages\/19857","targetHints":{"allow":["GET"]}}],"collection":[{"href":"https:\/\/runarhalonen.no\/en\/wp-json\/wp\/v2\/pages"}],"about":[{"href":"https:\/\/runarhalonen.no\/en\/wp-json\/wp\/v2\/types\/page"}],"author":[{"embeddable":true,"href":"https:\/\/runarhalonen.no\/en\/wp-json\/wp\/v2\/users\/90"}],"replies":[{"embeddable":true,"href":"https:\/\/runarhalonen.no\/en\/wp-json\/wp\/v2\/comments?post=19857"}],"version-history":[{"count":46,"href":"https:\/\/runarhalonen.no\/en\/wp-json\/wp\/v2\/pages\/19857\/revisions"}],"predecessor-version":[{"id":29336,"href":"https:\/\/runarhalonen.no\/en\/wp-json\/wp\/v2\/pages\/19857\/revisions\/29336"}],"wp:attachment":[{"href":"https:\/\/runarhalonen.no\/en\/wp-json\/wp\/v2\/media?parent=19857"}],"curies":[{"name":"wp","href":"https:\/\/api.w.org\/{rel}","templated":true}]}}