{"id":18977,"date":"2022-12-12T10:02:07","date_gmt":"2022-12-12T09:02:07","guid":{"rendered":"https:\/\/runarhalonen.no\/terms-of-service\/"},"modified":"2024-11-05T13:25:09","modified_gmt":"2024-11-05T12:25:09","slug":"terms-of-service","status":"publish","type":"page","link":"https:\/\/runarhalonen.no\/en\/terms-of-service\/","title":{"rendered":"Brukerbetingelse"},"content":{"rendered":"<h2><strong>Velkommen som medlem i Healing Room!<\/strong><\/h2>\n<h4><strong>Brukerbetingelser for medlemskap i Healing Room:<\/strong><\/h4>\n<p>Du bekrefter at du starter medlemskapet med \u00e5 g\u00e5 igjennom kurset Brukerveiledning for Healing Room, samt se Brukerveiledingsvideoen. Da vil det v\u00e6re enkelt \u00e5 man\u00f8vrere Healing Room, finne LIVE sending, videoer i arkivet, og viktige funksjoner for \u00e5 endre medlemskapet.<\/p>\n<p>Adminstrator av Healing Room forbeholder retten til \u00e5 avslutte medlemskap ved mislighold, hvis medlemmet har tekniske problemer og ikke f\u00e5r brukt Healing Room, ikke godtar brukerbetingelse eller andre \u00e5rsaker.<\/p>\n<p>Det er LIVE sending minst en gang i m\u00e5neden, unntatt feriem\u00e5nedene juli, august og\/eller ved sykdom.\u00a0 Stort sett er det ukentlig med unntak innimellom.<\/p>\n<p><span style=\"color: #ff0000;\">Medlemskapet gjelder 1 person.<\/span><\/p>\n<p>Innhold i Healing Room kan ikke deles med andre. Passordet for innlogging er personlig og kun for 1 bruker.<\/p>\n<p><strong>Healing Room 12 m\u00e5neder: <\/strong><\/p>\n<p>Du betaler engangsbel\u00f8p med Visa\/kredittkort ved innmelding. Utl\u00f8per automatisk etter 12 m\u00e5neder. Du kan deretter fornye medlemskapet.<\/p>\n<p><strong>Healing Room \u2013 Monthly<\/strong>:<\/p>\n<p>Du betaler m\u00e5nedlig. Medlemskapet l\u00f8per automatisk hver m\u00e5ned til du selv velger \u00e5 avslutte medlemskapet.\u00a0 Du er selv ansvarlig \u00e5 avslutte medlemskap f\u00f8r neste forfall.\u00a0 Se brukerveiledningen. Trenger du support til \u00e5 endre eller avslutte medlemskap, s\u00e5 kan det utf\u00f8res p\u00e5 hverdagene mandag til fredag mellom kl 09-16.\u00a0 Unntatt ved ferielukking.<\/p>\n<p><strong>Som medlem f\u00e5r jeg tilgang til:<\/strong><\/p>\n<ul>\n<li>Ca 250 kurs- og meditasjonsvideoer<\/li>\n<li>LIVE sendinger for medlemmer av Healing Room<\/li>\n<li>Streaming av all utgitt healing og meditasjonsmusikk<\/li>\n<li>Tilgang til den nyeste musikken f\u00f8r den blir utgitt p\u00e5 Spotify og flere..<\/li>\n<li>Streaming av guidede meditasjons CDer: Aktivering av din indre healingevne, Skap det livet du \u00f8nsker deg og Den uendelige reisen<\/li>\n<li>Lyd- og e-bok. Min utrolige forvandling. Forfattet og lest inn av Runar Halonen<\/li>\n<li>Tilgang til Healing Room \u2013 Medlemsgruppe p\u00e5 Facebook<\/li>\n<\/ul>\n<p>&nbsp;<\/p>\n<p><strong>Support:<\/strong><\/p>\n<p>For support, s\u00e5 send <a href=\"https:\/\/runarhalonen.no\/en\/kontakt\/\">epost<\/a><\/p>\n<p><span style=\"color: #ff0000;\">(ikke privat profilen p\u00e5 facebook)<\/span><\/p>\n<p>Jeg kan dessverre ikke svare p\u00e5 sp\u00f8rsm\u00e5l 1 time f\u00f8r LIVE sending. Denne tiden m\u00e5 jeg bruke til forberedelse.<\/p>\n<p>Jeg besvarer sp\u00f8rsm\u00e5l p\u00e5 E-post i kontortiden p\u00e5 hverdager 09-16. (l\u00f8rdag og s\u00f8ndag stengt)<\/p>\n<p>H\u00e5per du f\u00e5r godt nytte av medlemskapet.<\/p>\n<p>Hilsen Runar Halonen<\/p>\n<p>&nbsp;<\/p>","protected":false},"excerpt":{"rendered":"<p>Velkommen som medlem i Healing Room! Brukerbetingelser for medlemskap i Healing Room: Du bekrefter at du starter medlemskapet med \u00e5 g\u00e5 igjennom kurset Brukerveiledning for&hellip;<\/p>","protected":false},"author":314,"featured_media":0,"parent":0,"menu_order":0,"comment_status":"closed","ping_status":"closed","template":"","meta":{"pmpro_default_level":"","footnotes":""},"class_list":["post-18977","page","type-page","status-publish","hentry","pmpro-has-access"],"yoast_head":"<!-- This site is optimized with the Yoast SEO Premium plugin v27.3 (Yoast SEO v27.4) - https:\/\/yoast.com\/product\/yoast-seo-premium-wordpress\/ -->\n<title>Brukerbetingelse - Runar Halonen<\/title>\n<meta name=\"robots\" content=\"index, follow, max-snippet:-1, max-image-preview:large, max-video-preview:-1\" \/>\n<link rel=\"canonical\" href=\"https:\/\/runarhalonen.no\/en\/terms-of-service\/\" \/>\n<meta property=\"og:locale\" content=\"en_GB\" \/>\n<meta property=\"og:type\" content=\"article\" \/>\n<meta property=\"og:title\" content=\"Brukerbetingelse\" \/>\n<meta property=\"og:description\" content=\"Velkommen som medlem i Healing Room! Brukerbetingelser for medlemskap i Healing Room: Du bekrefter at du starter medlemskapet med \u00e5 g\u00e5 igjennom kurset Brukerveiledning for&hellip;\" \/>\n<meta property=\"og:url\" content=\"https:\/\/runarhalonen.no\/en\/terms-of-service\/\" \/>\n<meta property=\"og:site_name\" content=\"Runar Halonen\" \/>\n<meta property=\"article:publisher\" content=\"https:\/\/www.facebook.com\/runarhalonen.healing\" \/>\n<meta property=\"article:modified_time\" content=\"2024-11-05T12:25:09+00:00\" \/>\n<meta name=\"twitter:card\" content=\"summary_large_image\" \/>\n<meta name=\"twitter:label1\" content=\"Estimated reading time\" \/>\n\t<meta name=\"twitter:data1\" content=\"2 minutes\" \/>\n<script type=\"application\/ld+json\" class=\"yoast-schema-graph\">{\"@context\":\"https:\\\/\\\/schema.org\",\"@graph\":[{\"@type\":\"WebPage\",\"@id\":\"https:\\\/\\\/runarhalonen.no\\\/terms-of-service\\\/\",\"url\":\"https:\\\/\\\/runarhalonen.no\\\/terms-of-service\\\/\",\"name\":\"Brukerbetingelse - Runar Halonen\",\"isPartOf\":{\"@id\":\"https:\\\/\\\/runarhalonen.no\\\/#website\"},\"datePublished\":\"2022-12-12T09:02:07+00:00\",\"dateModified\":\"2024-11-05T12:25:09+00:00\",\"breadcrumb\":{\"@id\":\"https:\\\/\\\/runarhalonen.no\\\/terms-of-service\\\/#breadcrumb\"},\"inLanguage\":\"en-GB\",\"potentialAction\":[{\"@type\":\"ReadAction\",\"target\":[\"https:\\\/\\\/runarhalonen.no\\\/terms-of-service\\\/\"]}]},{\"@type\":\"BreadcrumbList\",\"@id\":\"https:\\\/\\\/runarhalonen.no\\\/terms-of-service\\\/#breadcrumb\",\"itemListElement\":[{\"@type\":\"ListItem\",\"position\":1,\"name\":\"Hjem\",\"item\":\"https:\\\/\\\/runarhalonen.no\\\/\"},{\"@type\":\"ListItem\",\"position\":2,\"name\":\"Brukerbetingelse\"}]},{\"@type\":\"WebSite\",\"@id\":\"https:\\\/\\\/runarhalonen.no\\\/#website\",\"url\":\"https:\\\/\\\/runarhalonen.no\\\/\",\"name\":\"Runar Halonen\",\"description\":\"Healing, spirituell veiledning, husrensing, sound healing, kurs, LIVE sendinger, forfatter\",\"publisher\":{\"@id\":\"https:\\\/\\\/runarhalonen.no\\\/#\\\/schema\\\/person\\\/b5661ff91c917350053a622fca7bab2d\"},\"potentialAction\":[{\"@type\":\"SearchAction\",\"target\":{\"@type\":\"EntryPoint\",\"urlTemplate\":\"https:\\\/\\\/runarhalonen.no\\\/?s={search_term_string}\"},\"query-input\":{\"@type\":\"PropertyValueSpecification\",\"valueRequired\":true,\"valueName\":\"search_term_string\"}}],\"inLanguage\":\"en-GB\"},{\"@type\":[\"Person\",\"Organization\"],\"@id\":\"https:\\\/\\\/runarhalonen.no\\\/#\\\/schema\\\/person\\\/b5661ff91c917350053a622fca7bab2d\",\"name\":\"Runar\",\"image\":{\"@type\":\"ImageObject\",\"inLanguage\":\"en-GB\",\"@id\":\"https:\\\/\\\/runarhalonen.no\\\/wp-content\\\/uploads\\\/2019\\\/12\\\/430697_382268461785172_2018319795_n-1.webp\",\"url\":\"https:\\\/\\\/runarhalonen.no\\\/wp-content\\\/uploads\\\/2019\\\/12\\\/430697_382268461785172_2018319795_n-1.webp\",\"contentUrl\":\"https:\\\/\\\/runarhalonen.no\\\/wp-content\\\/uploads\\\/2019\\\/12\\\/430697_382268461785172_2018319795_n-1.webp\",\"width\":618,\"height\":800,\"caption\":\"Runar\"},\"logo\":{\"@id\":\"https:\\\/\\\/runarhalonen.no\\\/wp-content\\\/uploads\\\/2019\\\/12\\\/430697_382268461785172_2018319795_n-1.webp\"},\"sameAs\":[\"https:\\\/\\\/runarhalonen.no\",\"https:\\\/\\\/www.facebook.com\\\/runarhalonen.healing\",\"https:\\\/\\\/www.instagram.com\\\/runarhalonen\\\/\",\"https:\\\/\\\/www.youtube.com\\\/channel\\\/UC0noDyGx10IW-GIFuLsoJZQ\"]}]}<\/script>\n<!-- \/ Yoast SEO Premium plugin. -->","yoast_head_json":{"title":"Brukerbetingelse - Runar Halonen","robots":{"index":"index","follow":"follow","max-snippet":"max-snippet:-1","max-image-preview":"max-image-preview:large","max-video-preview":"max-video-preview:-1"},"canonical":"https:\/\/runarhalonen.no\/en\/terms-of-service\/","og_locale":"en_GB","og_type":"article","og_title":"Brukerbetingelse","og_description":"Velkommen som medlem i Healing Room! Brukerbetingelser for medlemskap i Healing Room: Du bekrefter at du starter medlemskapet med \u00e5 g\u00e5 igjennom kurset Brukerveiledning for&hellip;","og_url":"https:\/\/runarhalonen.no\/en\/terms-of-service\/","og_site_name":"Runar Halonen","article_publisher":"https:\/\/www.facebook.com\/runarhalonen.healing","article_modified_time":"2024-11-05T12:25:09+00:00","twitter_card":"summary_large_image","twitter_misc":{"Estimated reading time":"2 minutes"},"schema":{"@context":"https:\/\/schema.org","@graph":[{"@type":"WebPage","@id":"https:\/\/runarhalonen.no\/terms-of-service\/","url":"https:\/\/runarhalonen.no\/terms-of-service\/","name":"Brukerbetingelse - Runar Halonen","isPartOf":{"@id":"https:\/\/runarhalonen.no\/#website"},"datePublished":"2022-12-12T09:02:07+00:00","dateModified":"2024-11-05T12:25:09+00:00","breadcrumb":{"@id":"https:\/\/runarhalonen.no\/terms-of-service\/#breadcrumb"},"inLanguage":"en-GB","potentialAction":[{"@type":"ReadAction","target":["https:\/\/runarhalonen.no\/terms-of-service\/"]}]},{"@type":"BreadcrumbList","@id":"https:\/\/runarhalonen.no\/terms-of-service\/#breadcrumb","itemListElement":[{"@type":"ListItem","position":1,"name":"Hjem","item":"https:\/\/runarhalonen.no\/"},{"@type":"ListItem","position":2,"name":"Brukerbetingelse"}]},{"@type":"WebSite","@id":"https:\/\/runarhalonen.no\/#website","url":"https:\/\/runarhalonen.no\/","name":"Runar Halonen","description":"Healing, spirituell veiledning, husrensing, sound healing, kurs, LIVE sendinger, forfatter","publisher":{"@id":"https:\/\/runarhalonen.no\/#\/schema\/person\/b5661ff91c917350053a622fca7bab2d"},"potentialAction":[{"@type":"SearchAction","target":{"@type":"EntryPoint","urlTemplate":"https:\/\/runarhalonen.no\/?s={search_term_string}"},"query-input":{"@type":"PropertyValueSpecification","valueRequired":true,"valueName":"search_term_string"}}],"inLanguage":"en-GB"},{"@type":["Person","Organization"],"@id":"https:\/\/runarhalonen.no\/#\/schema\/person\/b5661ff91c917350053a622fca7bab2d","name":"Runar","image":{"@type":"ImageObject","inLanguage":"en-GB","@id":"https:\/\/runarhalonen.no\/wp-content\/uploads\/2019\/12\/430697_382268461785172_2018319795_n-1.webp","url":"https:\/\/runarhalonen.no\/wp-content\/uploads\/2019\/12\/430697_382268461785172_2018319795_n-1.webp","contentUrl":"https:\/\/runarhalonen.no\/wp-content\/uploads\/2019\/12\/430697_382268461785172_2018319795_n-1.webp","width":618,"height":800,"caption":"Runar"},"logo":{"@id":"https:\/\/runarhalonen.no\/wp-content\/uploads\/2019\/12\/430697_382268461785172_2018319795_n-1.webp"},"sameAs":["https:\/\/runarhalonen.no","https:\/\/www.facebook.com\/runarhalonen.healing","https:\/\/www.instagram.com\/runarhalonen\/","https:\/\/www.youtube.com\/channel\/UC0noDyGx10IW-GIFuLsoJZQ"]}]}},"_links":{"self":[{"href":"https:\/\/runarhalonen.no\/en\/wp-json\/wp\/v2\/pages\/18977","targetHints":{"allow":["GET"]}}],"collection":[{"href":"https:\/\/runarhalonen.no\/en\/wp-json\/wp\/v2\/pages"}],"about":[{"href":"https:\/\/runarhalonen.no\/en\/wp-json\/wp\/v2\/types\/page"}],"author":[{"embeddable":true,"href":"https:\/\/runarhalonen.no\/en\/wp-json\/wp\/v2\/users\/314"}],"replies":[{"embeddable":true,"href":"https:\/\/runarhalonen.no\/en\/wp-json\/wp\/v2\/comments?post=18977"}],"version-history":[{"count":0,"href":"https:\/\/runarhalonen.no\/en\/wp-json\/wp\/v2\/pages\/18977\/revisions"}],"wp:attachment":[{"href":"https:\/\/runarhalonen.no\/en\/wp-json\/wp\/v2\/media?parent=18977"}],"curies":[{"name":"wp","href":"https:\/\/api.w.org\/{rel}","templated":true}]}}